{"id":739,"date":"2022-07-18T07:44:18","date_gmt":"2022-07-18T12:44:18","guid":{"rendered":"http:\/\/dev.telvista.com\/\/?page_id=739"},"modified":"2022-09-14T08:31:48","modified_gmt":"2022-09-14T13:31:48","slug":"carreras","status":"publish","type":"page","link":"https:\/\/www.telvista.com\/es\/carreras","title":{"rendered":"Carreras"},"content":{"rendered":"<div class=\"wpb-content-wrapper\"><p>[vc_row full_width=&#8221;stretch_row_content_no_spaces&#8221;][vc_column]<div id=\"myCarousel\" class=\"carousel slide bg-light-blue\" data-bs-ride=\"carousel\"><div class=\"carousel-indicators\"><button type=\"button\" data-bs-target=\"#myCarousel\" data-bs-slide-to=\"0\" class=\"active\" aria-current=\"true\" aria-label=\"Slide 0\"><\/button><button type=\"button\" data-bs-target=\"#myCarousel\" data-bs-slide-to=\"1\" class=\"\" aria-current=\"true\" aria-label=\"Slide 1\"><\/button><button type=\"button\" data-bs-target=\"#myCarousel\" data-bs-slide-to=\"2\" class=\"\" aria-current=\"true\" aria-label=\"Slide 2\"><\/button><\/div><div class=\"carousel-inner\" >\n                            <div class=\"carousel-item active\" style=\"background-image: url(https:\/\/www.telvista.com\/wp-content\/uploads\/2022\/08\/Careers-_-Learn-Grow-and-Lead.jpg)\">\n                        <div class=\"container\">\n                            <div class=\"text-start row banner-slider align-content-center py-4\">\n                                <div class=\"col-xl-6 col-xxl-5 col-lg-11 offset-lg-1 pe-xxl-0\"><h1 class=\"h1\">Aprende, crece <span class=\"text-blue\">y lidera<\/span><\/h1><p class=\"font-18\">\u00danase al creciente equipo de Telvista y crezca personal y profesionalmente a trav\u00e9s de oportunidades de carrera que ofrecen m\u00e1s que solo un cheque de pago. Estamos comprometidos a cultivar un entorno que alimente la curiosidad y la conectividad para ofrecer la mejor experiencia de trabajo y resultados posibles.<\/p><a class=\"btn text-white px-3 btn-orange font-bold font-15 \" href=\"\/es\/carreras\/unete-a-nuestro-equipo-en-crecimiento\">Encuentra tu pr\u00f3ximo trabajo en Telvista <i class=\"iconsax mt-n-3\" icon-name=\"arrow-right\"><\/i> <\/a><\/div>\n                            <\/div>\n                        <\/div>\n                    <\/div><div class=\"carousel-item \" style=\"background-image: url(https:\/\/www.telvista.com\/wp-content\/uploads\/2022\/08\/Careers-_-A-Place-Where-You-Fit-Right-In.jpg)\">\n                        <div class=\"container\">\n                            <div class=\"text-start row banner-slider align-content-center py-4\">\n                                <div class=\"col-xl-6 col-xxl-5 col-lg-11 offset-lg-1 pe-xxl-0\"><h2 class=\"h1\">Un lugar en el que <span class=\"text-blue\">encajas perfectamente<\/span><\/h2><p class=\"font-18\">Telvista valora la diversidad y la pertenencia. Estamos orgullosos de ser un empleador de Igualdad de oportunidades de empleo. Ay\u00fadanos a avanzar en nuestros programas de Diversidad, Equidad e Inclusi\u00f3n los cuales nos ayudaran a que todos sean mejores compa\u00f1eros de trabajo y miembros de la comunidad.<\/p><a class=\"btn text-white px-3 btn-orange font-bold font-15 \" href=\"\/es\/carreras\/unete-a-nuestro-equipo-en-crecimiento\">Explora nuestras vacantes <i class=\"iconsax mt-n-3\" icon-name=\"arrow-right\"><\/i> <\/a><\/div>\n                            <\/div>\n                        <\/div>\n                    <\/div><div class=\"carousel-item \" style=\"background-image: url(https:\/\/www.telvista.com\/wp-content\/uploads\/2022\/08\/Careers-_-The-Job-Where-You-Make-an-Impact.jpg)\">\n                        <div class=\"container\">\n                            <div class=\"text-start row banner-slider align-content-center py-4\">\n                                <div class=\"col-xl-6 col-xxl-5 col-lg-11 offset-lg-1 pe-xxl-0\"><h2 class=\"h1\">El trabajo en el que <span class=\"text-blue\">tienes un impacto<\/span><\/h2><p class=\"font-18\">Comience una carrera significativa que sea igualmente satisfactoria y gratificante. Apoyamos a nuestra gente para que desarrolle sus habilidades, muestre su contribuci\u00f3n, sea recompensada y retribuya a la comunidad teniendo un impacto positivo.<\/p><a class=\"btn text-white px-3 btn-orange font-bold font-15 \" href=\"\/es\/carreras\/unete-a-nuestro-equipo-en-crecimiento\">\u00danete a nuestro equipo <i class=\"iconsax mt-n-3\" icon-name=\"arrow-right\"><\/i> <\/a><\/div>\n                            <\/div>\n                        <\/div>\n                    <\/div>\n                        <\/div><button class=\"carousel-control-prev d-lg-flex d-none\" type=\"button\" data-bs-target=\"#myCarousel\" data-bs-slide=\"prev\">\n                            <span class=\"carousel-control-prev-icon\" aria-hidden=\"true\"><\/span>\n                            <span class=\"visually-hidden\">Previous<\/span>\n                        <\/button>\n                        <button class=\"carousel-control-next d-lg-flex d-none\" type=\"button\" data-bs-target=\"#myCarousel\" data-bs-slide=\"next\">\n                            <span class=\"carousel-control-next-icon\" aria-hidden=\"true\"><\/span>\n                            <span class=\"visually-hidden\">Next<\/span>\n                        <\/button><\/div>[\/vc_column][\/vc_row][vc_row full_width=&#8221;stretch_row_content_no_spaces&#8221; el_class=&#8221;career-pb-0&#8243;][vc_column]<section class=\"benefits-section text-white py-lg-5 py-4\" style=\"background-image: url()\">\n        <div class=\"container pb-2\"><h2 class=\"text-center\" style=\"color: #231f20\">Por qu\u00e9 trabajar con nosotros<\/h2><div class=\"row row-cols-1 row-cols-sm-2 row-cols-md-2 row-cols-lg-3 pt-4 pb-2 multi-colors\">\n                <div class=\"col bnf-bg-blue text-white text-decoration-none\" style=\"background-color: #1685c2;\">\n                        <div class=\"bnf-inside-box d-flex align-items-start px-lg-4 h-100 position-relative\">\n                            <span class=\"flex-shrink-0 me-3 bnf-image\"><i class=\"iconsax bnf-icon\" icon-name=\"tick-square\"><\/i><\/span>\n                            \t\t\t<div><h4 class=\"mb-3\">Cobertura de salud, dental y de la vista<\/h4><p class=\"mb-0\">Mant\u00e9ngase al tanto de su salud con planes integrales de seguro de salud, dentales y de la vista para cubrir sus gastos.<\/p><\/div>\n                        <\/div>\n                    <\/div><div class=\"col bnf-bg-blue text-white text-decoration-none\" style=\"background-color: #6db746;\">\n                        <div class=\"bnf-inside-box d-flex align-items-start px-lg-4 h-100 position-relative\">\n                            <span class=\"flex-shrink-0 me-3 bnf-image\"><i class=\"iconsax bnf-icon\" icon-name=\"tick-square\"><\/i><\/span>\n                            \t\t\t<div><h4 class=\"mb-3\">401 mil<\/h4><p class=\"mb-0\">Queremos una relaci\u00f3n a largo plazo con usted. Por lo tanto, invierta en su futuro y ahorre para su jubilaci\u00f3n.<\/p><\/div>\n                        <\/div>\n                    <\/div><div class=\"col bnf-bg-blue text-white text-decoration-none\" style=\"background-color: #f7bb23;\">\n                        <div class=\"bnf-inside-box d-flex align-items-start px-lg-4 h-100 position-relative\">\n                            <span class=\"flex-shrink-0 me-3 bnf-image\"><i class=\"iconsax bnf-icon\" icon-name=\"tick-square\"><\/i><\/span>\n                            \t\t\t<div><h4 class=\"mb-3\">Pol\u00edtica de vacaciones de ley<\/h4><p class=\"mb-0\">Sabemos que el equilibrio entre la vida laboral y personal es clave, ofrecemos las prestaciones de ley y compensaci\u00f3n.<\/p><\/div>\n                        <\/div>\n                    <\/div><div class=\"col bnf-bg-blue text-white text-decoration-none\" style=\"background-color: #ea3f33;\">\n                        <div class=\"bnf-inside-box d-flex align-items-start px-lg-4 h-100 position-relative\">\n                            <span class=\"flex-shrink-0 me-3 bnf-image\"><i class=\"iconsax bnf-icon\" icon-name=\"tick-square\"><\/i><\/span>\n                            \t\t\t<div><h4 class=\"mb-3\">Desarrollo profesional y capacitaci\u00f3n<\/h4><p class=\"mb-0\">Su crecimiento personal y profesional es importante para nosotros. Trabajamos con usted para ayudarlo a alcanzar su pr\u00f3xima meta profesional.<\/p><\/div>\n                        <\/div>\n                    <\/div><div class=\"col bnf-bg-blue text-white text-decoration-none\" style=\"background-color: #a05e9e;\">\n                        <div class=\"bnf-inside-box d-flex align-items-start px-lg-4 h-100 position-relative\">\n                            <span class=\"flex-shrink-0 me-3 bnf-image\"><i class=\"iconsax bnf-icon\" icon-name=\"tick-square\"><\/i><\/span>\n                            \t\t\t<div><h4 class=\"mb-3\">Flexibilidad laboral<\/h4><p class=\"mb-0\">En Telvista, nuestros empleados disfrutan de flexibilidad laboral. Ofrecemos trabajos de trabajo desde casa, empleo a tiempo completo, oportunidades a tiempo parcial y trabajos estacionales.<\/p><\/div>\n                        <\/div>\n                    <\/div><div class=\"col bnf-bg-blue text-white text-decoration-none\" style=\"background-color: #f2932c;\">\n                        <div class=\"bnf-inside-box d-flex align-items-start px-lg-4 h-100 position-relative\">\n                            <span class=\"flex-shrink-0 me-3 bnf-image\"><i class=\"iconsax bnf-icon\" icon-name=\"tick-square\"><\/i><\/span>\n                            \t\t\t<div><h4 class=\"mb-3\">Cumple tus sue\u00f1os educativos<\/h4><p class=\"mb-0\">En Telvista, no solo ofrecemos una carrera gratificante, sino tambi\u00e9n la oportunidad de continuar tu educaci\u00f3n a trav\u00e9s de horarios flexibles.<\/p><\/div>\n                        <\/div>\n                    <\/div>\n            <\/div>\n        <\/div>\n    <\/section>[\/vc_column][\/vc_row][vc_row full_width=&#8221;stretch_row&#8221;][vc_column]<section class=\"mid-page-content pt-lg-5 pb-4 pt-4\">\n                        <div class=\"container\">\n                            <div  class=\"row featurette align-items-center py-lg-5 py-4 \"><div class=\"col-lg-6 min-page-image position-relative\">\n\t\t\t\t\t\t\t\t<img decoding=\"async\" src=\"https:\/\/www.telvista.com\/wp-content\/uploads\/2022\/08\/Body-Images-Work-Hard-Have-Fun-1.jpg\" class=\"img-fluid mw-100\" alt=\"employees inspiration\">\n\t\t\t\t\t\t\t<\/div><div class=\"col-lg-5 offset-lg-1\"><h2>La vida en Telvista<\/h2><div>\u00a1La vida en Telvista es bastante impresionante! Tenemos la misi\u00f3n de brindar a nuestros empleados la inspiraci\u00f3n para crear la vida que aman. Para esto, continuamos capacitando a nuestro equipo para que asuma nuevos desaf\u00edos y aprenda de sus errores y cumpla en exceso.<\/p>\n<p>Sabemos que sentarse en las estaciones de trabajo y ayudar a los clientes con sus problemas puede ser gratificante, pero tambi\u00e9n puede ser abrumador. Nuestras alegres y divertidas salas de descanso le ayudan a relajarse y descansar de un duro turno de trabajo. Las oportunidades de aprendizaje y desarrollo combinadas con un ambiente de trabajo c\u00f3modo hacen de Telvista un lugar donde el talento prospera.<\/div><\/div>\n                    <\/div><div  class=\"row featurette align-items-center py-lg-5 py-4 flex-lg-row-reverse\"><div class=\"col-lg-6 min-page-image position-relative\">\n\t\t\t\t\t\t\t\t<img decoding=\"async\" src=\"https:\/\/www.telvista.com\/wp-content\/uploads\/2022\/08\/Greater-Work-Flexibility-with-Telvista-at-Home.jpg\" class=\"img-fluid mw-100\" alt=\"Work Flexibility with Telvista\">\n\t\t\t\t\t\t\t<\/div><div class=\"col-lg-5 offset-lg-1\"><h2>Mayor flexibilidad de trabajo con Telvista@Home<\/h2><div>Telvista valora la conciliaci\u00f3n de la vida laboral y familiar. Creemos firmemente que cada empleado tiene un estilo de trabajo diferente y necesidades personales que anhelan flexibilidad. Con el programa Telvista@Home, permitimos que nuestros empleados se sientan m\u00e1s comprometidos con Telvista y sus clientes mientras disfrutan de la libertad de trabajar desde casa. Tenemos m\u00e1s de 2,000 empleados remotos repartidos en 50 estados de los Estados Unidos y M\u00e9xico. Nuestros agentes tienen la oportunidad de interactuar y vincularse con otros asociados que tambi\u00e9n han elegido una carrera de trabajo en casa y sobresalen en lo que hacen.<\/div><\/div>\n                    <\/div><div  class=\"row featurette align-items-center py-lg-5 py-4 \"><div class=\"col-lg-6 min-page-image position-relative\">\n\t\t\t\t\t\t\t\t<img decoding=\"async\" src=\"https:\/\/www.telvista.com\/wp-content\/uploads\/2022\/08\/Telvista-Values-Diversity-Equity-Inclusion.jpg\" class=\"img-fluid mw-100\" alt=\"Telvista welcomes candidates\">\n\t\t\t\t\t\t\t<\/div><div class=\"col-lg-5 offset-lg-1\"><h2>Telvista valora la diversidad, la equidad y la inclusi\u00f3n<\/h2><div>Telvista da la bienvenida a candidatos con diferentes or\u00edgenes. \u00a0Somos un empleador de Igualdad de Oportunidades de Empleo comprometido a fomentarla diversidad y la inclusi\u00f3n y ofrecer a cada empleado la misma oportunidad de subir la escalera del \u00e9xito. \u00a0Como una cadena, nuestras diferencias y complejidades nos hacen atractivos. \u00a0Y as\u00ed, los equipos son m\u00e1s creativos, divertidos y productivos.<\/p>\n<p>Convi\u00e9rtase en parte de una comunidad de miembros inclusivos donde todos los empleados se sientan vistos, escuchados y respetados. Somos un lugar de trabajo donde te ayudamos a navegar a trav\u00e9s de la incertidumbre, compartir tus ideas y perspectivas con confianza, y contribuir con tu mejor trabajo.<\/div><\/div>\n                    <\/div>\n                        <\/div>\n                    <\/section>[\/vc_column][\/vc_row][vc_row full_width=&#8221;stretch_row&#8221; el_class=&#8221;why-heroBar1 sec-mb&#8221;][vc_column]<section class=\"container hero-1-pm\">\n                    <div class=\"hero-bar bg-blue text-center text-white py-5 px-4\" style=\"background-image: url(https:\/\/www.telvista.com\/wp-content\/uploads\/2022\/06\/hero-bar1.png)\"><p class=\"mb-1 h5 pb-2\">Explora nuestras vacantes abiertas<\/p><p class=\"h1 pb-3\">Crezcamos juntos<\/p><a href=\"https:\/\/www.telvistaservices.com.mx\/crm\/solicitud\/Solicitud.aspx\" class=\"btn-orange font-bold btn text-white px-4\" target=\"_blank\">Reg\u00edstrese para recibir alertas de empleo <i class=\"iconsax mt-n-3\" icon-name=\"arrow-right\"><\/i><\/a><\/div>\n                <\/section>[\/vc_column][\/vc_row]<\/p>\n<\/div>","protected":false},"excerpt":{"rendered":"<p>[vc_row full_width=&#8221;stretch_row_content_no_spaces&#8221;][vc_column][\/vc_column][\/vc_row][vc_row full_width=&#8221;stretch_row_content_no_spaces&#8221; el_class=&#8221;career-pb-0&#8243;][vc_column][\/vc_column][\/vc_row][vc_row full_width=&#8221;stretch_row&#8221;][vc_column][\/vc_column][\/vc_row][vc_row full_width=&#8221;stretch_row&#8221; el_class=&#8221;why-heroBar1 sec-mb&#8221;][vc_column][\/vc_column][\/vc_row]<\/p>\n","protected":false},"author":7,"featured_media":0,"parent":0,"menu_order":0,"comment_status":"closed","ping_status":"closed","template":"","meta":{"nf_dc_page":"","footnotes":""},"class_list":["post-739","page","type-page","status-publish","hentry"],"yoast_head":"<!-- This site is optimized with the Yoast SEO Premium plugin v27.2 (Yoast SEO v27.2) - https:\/\/yoast.com\/product\/yoast-seo-premium-wordpress\/ -->\n<title>Carreras - Telvista<\/title>\n<meta name=\"description\" content=\"\u00a1S\u00e9 parte del equipo Telvista! Contin\u00fae con su profesi\u00f3n en nuestro lugar de negocios orientado al equipo que alienta y celebra el \u00e9xito.\" \/>\n<meta name=\"robots\" content=\"index, follow, max-snippet:-1, max-image-preview:large, max-video-preview:-1\" \/>\n<link rel=\"canonical\" href=\"https:\/\/www.telvista.com\/es\/carreras\" \/>\n<meta property=\"og:locale\" content=\"es_ES\" \/>\n<meta property=\"og:type\" content=\"article\" \/>\n<meta property=\"og:title\" content=\"Carreras\" \/>\n<meta property=\"og:description\" content=\"\u00a1S\u00e9 parte del equipo Telvista! Contin\u00fae con su profesi\u00f3n en nuestro lugar de negocios orientado al equipo que alienta y celebra el \u00e9xito.\" \/>\n<meta property=\"og:url\" content=\"https:\/\/www.telvista.com\/es\/carreras\" \/>\n<meta property=\"og:site_name\" content=\"Telvista\" \/>\n<meta property=\"article:publisher\" content=\"https:\/\/www.facebook.com\/TelvistaUS\" \/>\n<meta property=\"article:modified_time\" content=\"2022-09-14T13:31:48+00:00\" \/>\n<meta name=\"twitter:card\" content=\"summary_large_image\" \/>\n<meta name=\"twitter:site\" content=\"@TelvistaUS\" \/>\n<meta name=\"twitter:label1\" content=\"Est. reading time\" \/>\n\t<meta name=\"twitter:data1\" content=\"4 minutes\" \/>\n<script type=\"application\/ld+json\" class=\"yoast-schema-graph\">{\"@context\":\"https:\/\/schema.org\",\"@graph\":[{\"@type\":\"WebPage\",\"@id\":\"https:\/\/www.telvista.com\/es\/carreras\",\"url\":\"https:\/\/www.telvista.com\/es\/carreras\",\"name\":\"Carreras - Telvista\",\"isPartOf\":{\"@id\":\"https:\/\/www.telvista.com\/es#website\"},\"datePublished\":\"2022-07-18T12:44:18+00:00\",\"dateModified\":\"2022-09-14T13:31:48+00:00\",\"description\":\"\u00a1S\u00e9 parte del equipo Telvista! Contin\u00fae con su profesi\u00f3n en nuestro lugar de negocios orientado al equipo que alienta y celebra el \u00e9xito.\",\"breadcrumb\":{\"@id\":\"https:\/\/www.telvista.com\/es\/carreras#breadcrumb\"},\"inLanguage\":\"es-ES\",\"potentialAction\":[{\"@type\":\"ReadAction\",\"target\":[\"https:\/\/www.telvista.com\/es\/carreras\"]}]},{\"@type\":\"BreadcrumbList\",\"@id\":\"https:\/\/www.telvista.com\/es\/carreras#breadcrumb\",\"itemListElement\":[{\"@type\":\"ListItem\",\"position\":1,\"name\":\"Home\",\"item\":\"https:\/\/www.telvista.com\/es\"},{\"@type\":\"ListItem\",\"position\":2,\"name\":\"Carreras\"}]},{\"@type\":\"WebSite\",\"@id\":\"https:\/\/www.telvista.com\/es#website\",\"url\":\"https:\/\/www.telvista.com\/es\",\"name\":\"Telvista\",\"description\":\"360 Degree BPO Services Provider\",\"publisher\":{\"@id\":\"https:\/\/www.telvista.com\/es#organization\"},\"potentialAction\":[{\"@type\":\"SearchAction\",\"target\":{\"@type\":\"EntryPoint\",\"urlTemplate\":\"https:\/\/www.telvista.com\/es?s={search_term_string}\"},\"query-input\":{\"@type\":\"PropertyValueSpecification\",\"valueRequired\":true,\"valueName\":\"search_term_string\"}}],\"inLanguage\":\"es-ES\"},{\"@type\":\"Organization\",\"@id\":\"https:\/\/www.telvista.com\/es#organization\",\"name\":\"Telvista\",\"url\":\"https:\/\/www.telvista.com\/es\",\"logo\":{\"@type\":\"ImageObject\",\"inLanguage\":\"es-ES\",\"@id\":\"https:\/\/www.telvista.com\/es#\/schema\/logo\/image\/\",\"url\":\"https:\/\/i0.wp.com\/www.telvista.com\/wp-content\/uploads\/2022\/06\/Logo-Telvista.png?fit=200%2C81&ssl=1\",\"contentUrl\":\"https:\/\/i0.wp.com\/www.telvista.com\/wp-content\/uploads\/2022\/06\/Logo-Telvista.png?fit=200%2C81&ssl=1\",\"width\":200,\"height\":81,\"caption\":\"Telvista\"},\"image\":{\"@id\":\"https:\/\/www.telvista.com\/es#\/schema\/logo\/image\/\"},\"sameAs\":[\"https:\/\/www.facebook.com\/TelvistaUS\",\"https:\/\/x.com\/TelvistaUS\",\"https:\/\/www.linkedin.com\/company\/telvistaus\/\",\"https:\/\/www.instagram.com\/telvistaus\/\"]}]}<\/script>\n<!-- \/ Yoast SEO Premium plugin. -->","yoast_head_json":{"title":"Carreras - Telvista","description":"\u00a1S\u00e9 parte del equipo Telvista! Contin\u00fae con su profesi\u00f3n en nuestro lugar de negocios orientado al equipo que alienta y celebra el \u00e9xito.","robots":{"index":"index","follow":"follow","max-snippet":"max-snippet:-1","max-image-preview":"max-image-preview:large","max-video-preview":"max-video-preview:-1"},"canonical":"https:\/\/www.telvista.com\/es\/carreras","og_locale":"es_ES","og_type":"article","og_title":"Carreras","og_description":"\u00a1S\u00e9 parte del equipo Telvista! Contin\u00fae con su profesi\u00f3n en nuestro lugar de negocios orientado al equipo que alienta y celebra el \u00e9xito.","og_url":"https:\/\/www.telvista.com\/es\/carreras","og_site_name":"Telvista","article_publisher":"https:\/\/www.facebook.com\/TelvistaUS","article_modified_time":"2022-09-14T13:31:48+00:00","twitter_card":"summary_large_image","twitter_site":"@TelvistaUS","twitter_misc":{"Est. reading time":"4 minutes"},"schema":{"@context":"https:\/\/schema.org","@graph":[{"@type":"WebPage","@id":"https:\/\/www.telvista.com\/es\/carreras","url":"https:\/\/www.telvista.com\/es\/carreras","name":"Carreras - Telvista","isPartOf":{"@id":"https:\/\/www.telvista.com\/es#website"},"datePublished":"2022-07-18T12:44:18+00:00","dateModified":"2022-09-14T13:31:48+00:00","description":"\u00a1S\u00e9 parte del equipo Telvista! Contin\u00fae con su profesi\u00f3n en nuestro lugar de negocios orientado al equipo que alienta y celebra el \u00e9xito.","breadcrumb":{"@id":"https:\/\/www.telvista.com\/es\/carreras#breadcrumb"},"inLanguage":"es-ES","potentialAction":[{"@type":"ReadAction","target":["https:\/\/www.telvista.com\/es\/carreras"]}]},{"@type":"BreadcrumbList","@id":"https:\/\/www.telvista.com\/es\/carreras#breadcrumb","itemListElement":[{"@type":"ListItem","position":1,"name":"Home","item":"https:\/\/www.telvista.com\/es"},{"@type":"ListItem","position":2,"name":"Carreras"}]},{"@type":"WebSite","@id":"https:\/\/www.telvista.com\/es#website","url":"https:\/\/www.telvista.com\/es","name":"Telvista","description":"360 Degree BPO Services Provider","publisher":{"@id":"https:\/\/www.telvista.com\/es#organization"},"potentialAction":[{"@type":"SearchAction","target":{"@type":"EntryPoint","urlTemplate":"https:\/\/www.telvista.com\/es?s={search_term_string}"},"query-input":{"@type":"PropertyValueSpecification","valueRequired":true,"valueName":"search_term_string"}}],"inLanguage":"es-ES"},{"@type":"Organization","@id":"https:\/\/www.telvista.com\/es#organization","name":"Telvista","url":"https:\/\/www.telvista.com\/es","logo":{"@type":"ImageObject","inLanguage":"es-ES","@id":"https:\/\/www.telvista.com\/es#\/schema\/logo\/image\/","url":"https:\/\/i0.wp.com\/www.telvista.com\/wp-content\/uploads\/2022\/06\/Logo-Telvista.png?fit=200%2C81&ssl=1","contentUrl":"https:\/\/i0.wp.com\/www.telvista.com\/wp-content\/uploads\/2022\/06\/Logo-Telvista.png?fit=200%2C81&ssl=1","width":200,"height":81,"caption":"Telvista"},"image":{"@id":"https:\/\/www.telvista.com\/es#\/schema\/logo\/image\/"},"sameAs":["https:\/\/www.facebook.com\/TelvistaUS","https:\/\/x.com\/TelvistaUS","https:\/\/www.linkedin.com\/company\/telvistaus\/","https:\/\/www.instagram.com\/telvistaus\/"]}]}},"_links":{"self":[{"href":"https:\/\/www.telvista.com\/es\/wp-json\/wp\/v2\/pages\/739","targetHints":{"allow":["GET"]}}],"collection":[{"href":"https:\/\/www.telvista.com\/es\/wp-json\/wp\/v2\/pages"}],"about":[{"href":"https:\/\/www.telvista.com\/es\/wp-json\/wp\/v2\/types\/page"}],"author":[{"embeddable":true,"href":"https:\/\/www.telvista.com\/es\/wp-json\/wp\/v2\/users\/7"}],"replies":[{"embeddable":true,"href":"https:\/\/www.telvista.com\/es\/wp-json\/wp\/v2\/comments?post=739"}],"version-history":[{"count":6,"href":"https:\/\/www.telvista.com\/es\/wp-json\/wp\/v2\/pages\/739\/revisions"}],"predecessor-version":[{"id":2511,"href":"https:\/\/www.telvista.com\/es\/wp-json\/wp\/v2\/pages\/739\/revisions\/2511"}],"wp:attachment":[{"href":"https:\/\/www.telvista.com\/es\/wp-json\/wp\/v2\/media?parent=739"}],"curies":[{"name":"wp","href":"https:\/\/api.w.org\/{rel}","templated":true}]}}