{"id":464,"date":"2022-07-18T04:16:22","date_gmt":"2022-07-18T09:16:22","guid":{"rendered":"http:\/\/dev.telvista.com\/\/contacto"},"modified":"2022-08-26T06:48:52","modified_gmt":"2022-08-26T11:48:52","slug":"contactenos","status":"publish","type":"page","link":"https:\/\/www.telvista.com\/es\/contactenos","title":{"rendered":"Cont\u00e1ctenos"},"content":{"rendered":"<div class=\"wpb-content-wrapper\"><p>[vc_row full_width=&#8221;stretch_row_content_no_spaces&#8221;][vc_column]<div id=\"myCarousel\" class=\"carousel slide bg-light-blue\" data-bs-ride=\"carousel\"><div class=\"carousel-inner\" >\n                            <div class=\"carousel-item active\" style=\"background-image: url(https:\/\/www.telvista.com\/wp-content\/uploads\/2022\/08\/Contact-Us-Banner.jpg)\">\n                        <div class=\"container\">\n                            <div class=\"text-start row banner-slider align-content-center py-4\">\n                                <div class=\"col-xl-6 col-xxl-5 col-lg-11 offset-lg-1 pe-xxl-0\"><h1 class=\"h1\">Cont\u00e1cte <span class=\"text-blue\">nos<\/span><\/h1><p class=\"font-18\">Estamos aqu\u00ed para usted. P\u00f3ngase en contacto con nosotros para saber m\u00e1s sobre nuestras soluciones de primer nivel.<\/p><\/div>\n                            <\/div>\n                        <\/div>\n                    <\/div>\n                        <\/div><\/div>[\/vc_column][\/vc_row][vc_row full_width=&#8221;stretch_row_content_no_spaces&#8221; el_class=&#8221;get-in-touch position-relative py-lg-5 py-4&#8243;][vc_column el_class=&#8221;row mx-0&#8243;][vc_row_inner el_class=&#8221;row mx-0 justify-content-between&#8221;][vc_column_inner el_class=&#8221;d-none d-lg-block col-lg-2&#8243; width=&#8221;1\/6&#8243;][vc_single_image image=&#8221;114&#8243; img_size=&#8221;full&#8221; el_class=&#8221;left-touch&#8221;][\/vc_column_inner][vc_column_inner el_class=&#8221;px-lg-4 col-12 col-lg-8&#8243; width=&#8221;8\/12&#8243;][vc_custom_heading text=&#8221;Ponerse en contacto&#8221; font_container=&#8221;tag:h2|text_align:center&#8221; use_theme_fonts=&#8221;yes&#8221; el_class=&#8221;mb-4&#8243;]\n<div class=\"wpcf7 no-js\" id=\"wpcf7-f473-o1\" lang=\"es-ES\" dir=\"ltr\" data-wpcf7-id=\"473\">\n<div class=\"screen-reader-response\"><p role=\"status\" aria-live=\"polite\" aria-atomic=\"true\"><\/p> <ul><\/ul><\/div>\n<form action=\"\/es\/wp-json\/wp\/v2\/pages\/464#wpcf7-f473-o1\" method=\"post\" class=\"wpcf7-form init\" aria-label=\"Contact form\" novalidate=\"novalidate\" data-status=\"init\">\n<fieldset class=\"hidden-fields-container\"><input type=\"hidden\" name=\"_wpcf7\" value=\"473\" \/><input type=\"hidden\" name=\"_wpcf7_version\" value=\"6.1.5\" \/><input type=\"hidden\" name=\"_wpcf7_locale\" value=\"es_ES\" \/><input type=\"hidden\" name=\"_wpcf7_unit_tag\" value=\"wpcf7-f473-o1\" \/><input type=\"hidden\" name=\"_wpcf7_container_post\" value=\"0\" \/><input type=\"hidden\" name=\"_wpcf7_posted_data_hash\" value=\"\" \/><input type=\"hidden\" name=\"_wpcf7_recaptcha_response\" value=\"\" \/>\n<\/fieldset>\n<div class=\"row\"> \n  <div class=\"col-lg-6 mb-3\"> \n    <label for=\"fname\" class=\"form-label\">Primer nombre <span class=\"text-orange\">*<\/span> <\/label><div class=\"input-group\"> \n      <span class=\"input-group-text rounded-0 bg-transparent\" id=\"basic-fname\"><i class=\"iconsax black mt-n-3\" icon-name=\"user-1\"><\/i><\/span> <span class=\"wpcf7-form-control-wrap\" data-name=\"fname\"><input size=\"40\" maxlength=\"400\" class=\"wpcf7-form-control wpcf7-text wpcf7-validates-as-required form-control border-start-0 ps-0 rounded-0\" id=\"fname\" aria-required=\"true\" aria-invalid=\"false\" placeholder=\"Ingrese el nombre\" value=\"\" type=\"text\" name=\"fname\" \/><\/span> \n    <\/div> \n  <\/div> \n  <div class=\"col-lg-6 mb-3\"> \n    <label for=\"lname\" class=\"form-label\">Apellido <span class=\"text-orange\">*<\/span><\/label><div class=\"input-group\"> \n      <span class=\"input-group-text rounded-0 bg-transparent\" id=\"basic-lname\"><i class=\"iconsax black mt-n-3\" icon-name=\"user-1\">\n        <\/i><\/span> <span class=\"wpcf7-form-control-wrap\" data-name=\"lname\"><input size=\"40\" maxlength=\"400\" class=\"wpcf7-form-control wpcf7-text wpcf7-validates-as-required form-control border-start-0 ps-0 rounded-0\" id=\"lname\" aria-required=\"true\" aria-invalid=\"false\" placeholder=\"Introduzca el apellido\" value=\"\" type=\"text\" name=\"lname\" \/><\/span> \n    <\/div> \n  <\/div> \n  <div class=\"col-lg-6 mb-3\"> \n    <label for=\"email\" class=\"form-label\">Correo electr\u00f3nico <span class=\"text-orange\">*<\/span><\/label><div class=\"input-group\"> \n      <span class=\"input-group-text rounded-0 bg-transparent\" id=\"basic-email\"><i class=\"iconsax black mt-n-3\" icon-name=\"mail\">\n        <\/i><\/span> <span class=\"wpcf7-form-control-wrap\" data-name=\"email\"><input size=\"40\" maxlength=\"400\" class=\"wpcf7-form-control wpcf7-email wpcf7-validates-as-required wpcf7-text wpcf7-validates-as-email form-control border-start-0 ps-0 rounded-0\" id=\"email\" aria-required=\"true\" aria-invalid=\"false\" placeholder=\"Ingrese correo electr\u00f3nico\" value=\"\" type=\"email\" name=\"email\" \/><\/span> \n    <\/div> \n  <\/div> \n  <div class=\"col-lg-6 mb-3\"> \n    <label for=\"phone\" class=\"form-label\">N\u00famero de tel\u00e9fono <span class=\"text-orange\">*<\/span><\/label><div class=\"input-group\"> \n      <span class=\"input-group-text rounded-0 bg-transparent\" id=\"basic-phone\"><i class=\"iconsax black mt-n-3\" icon-name=\"phone\">\n        <\/i><\/span> <span class=\"wpcf7-form-control-wrap\" data-name=\"phone\"><input size=\"40\" maxlength=\"400\" class=\"wpcf7-form-control wpcf7-text wpcf7-validates-as-required form-control border-start-0 ps-0 rounded-0\" id=\"phone\" aria-required=\"true\" aria-invalid=\"false\" placeholder=\"Introduce el tel\u00e9fono\" value=\"\" type=\"text\" name=\"phone\" \/><\/span> \n    <\/div> \n  <\/div> \n<div class=\"col-lg-6 mb-3\">\n   <label for=\"company\" class=\"form-label\">Regi\u00f3n <span class=\"text-orange\">*<\/span><\/label><div class=\"input-group\">\n                                <span class=\"input-group-text rounded-0 bg-transparent\"><i class=\"iconsax black mt-n-3\" icon-name=\"location\"><\/i><\/span><span class=\"wpcf7-form-control-wrap\" data-name=\"region\"><select class=\"wpcf7-form-control wpcf7-select wpcf7-validates-as-required form-select form-control border-start-0 ps-0 rounded-0\" aria-required=\"true\" aria-invalid=\"false\" name=\"region\"><option value=\"\">Seleccione regi\u00f3n<\/option><option value=\"US\\Canada\">US\\Canada<\/option><option value=\"Latin America\">Latin America<\/option><option value=\"Europe\\Middle East\">Europe\\Middle East<\/option><option value=\"India\">India<\/option><option value=\"Asia\">Asia<\/option><\/select><\/span>\n                            <\/div>\n                        <\/div>\n  <div class=\"col-lg-6 mb-3\"> \n    <label for=\"company\" class=\"form-label\">Nombre de empresa<\/label> <div class=\"input-group\"> \n      <span class=\"input-group-text rounded-0 bg-transparent\" id=\"basic-company\"><i class=\"iconsax black mt-n-3\" icon-name=\"buildings-1\">\n        <\/i><\/span> <span class=\"wpcf7-form-control-wrap\" data-name=\"company\"><input size=\"40\" maxlength=\"400\" class=\"wpcf7-form-control wpcf7-text form-control border-start-0 ps-0 rounded-0\" id=\"company\" aria-invalid=\"false\" placeholder=\"Introducir empresa\" value=\"\" type=\"text\" name=\"company\" \/><\/span> \n    <\/div> \n  <\/div> \n<div class=\"col-lg-12 mb-3\">\n  <label for=\"company\" class=\"form-label\">Tipo de Contacto <span class=\"text-orange\">*<\/span><\/label><div class=\"input-group\">\n        <span class=\"input-group-text rounded-0 bg-transparent\"><i class=\"iconsax black mt-n-3\" icon-name=\"monitor-message\"><\/i><\/span><span class=\"wpcf7-form-control-wrap\" data-name=\"contactType\"><select class=\"wpcf7-form-control wpcf7-select wpcf7-validates-as-required form-select form-control border-start-0 ps-0 rounded-0\" aria-required=\"true\" aria-invalid=\"false\" name=\"contactType\"><option value=\"\">Seleccionar tipo de contacto<\/option><option value=\"Solicitar informaci\u00f3n sobre soluciones de centro de contacto\">Solicitar informaci\u00f3n sobre soluciones de centro de contacto<\/option><option value=\"Oportunidades profesionales\">Oportunidades profesionales<\/option><option value=\"Verificaci\u00f3n de empleados\">Verificaci\u00f3n de empleados<\/option><option value=\"Empleado actual\">Empleado actual<\/option><option value=\"Otro\">Otro<\/option><\/select><\/span>  \n                            <\/div>\n                        <\/div>\n<div class=\"col-lg-12 mb-3\">\n                            <label for=\"reasonContact\" class=\"form-label\">Raz\u00f3n para contactar <\/label><div class=\"input-group reasonContact\">\n                                <span class=\"input-group-text align-items-start rounded-0 bg-transparent\"><i class=\"iconsax black mt-n-3\" icon-name=\"question-message\"><\/i><\/span><span class=\"wpcf7-form-control-wrap\" data-name=\"reasonContact\"><textarea cols=\"40\" rows=\"3\" maxlength=\"2000\" class=\"wpcf7-form-control wpcf7-textarea form-control border-start-0 ps-0 rounded-0\" id=\"reasonContact\" aria-invalid=\"false\" placeholder=\"Ingrese el motivo del contacto\" name=\"reasonContact\"><\/textarea><\/span>\n                            <\/div>\n                        <\/div>\n  \n<\/div> <input class=\"wpcf7-form-control wpcf7-submit has-spinner btn btn-orange font-bold text-white px-4 mt-3\" type=\"submit\" value=\"Enviar\" \/><div class=\"wpcf7-response-output\" aria-hidden=\"true\"><\/div>\n<\/form>\n<\/div>\n[\/vc_column_inner][vc_column_inner el_class=&#8221;d-none d-lg-block col-lg-2&#8243; width=&#8221;1\/6&#8243;][vc_single_image image=&#8221;116&#8243; img_size=&#8221;full&#8221; el_class=&#8221;left-touch&#8221;][\/vc_column_inner][\/vc_row_inner][\/vc_column][\/vc_row]<\/p>\n<\/div>","protected":false},"excerpt":{"rendered":"<p>[vc_row full_width=&#8221;stretch_row_content_no_spaces&#8221;][vc_column][\/vc_column][\/vc_row][vc_row full_width=&#8221;stretch_row_content_no_spaces&#8221; el_class=&#8221;get-in-touch position-relative py-lg-5 py-4&#8243;][vc_column el_class=&#8221;row mx-0&#8243;][vc_row_inner el_class=&#8221;row mx-0 justify-content-between&#8221;][vc_column_inner el_class=&#8221;d-none d-lg-block col-lg-2&#8243;&#8230;<\/p>\n","protected":false},"author":7,"featured_media":0,"parent":0,"menu_order":0,"comment_status":"closed","ping_status":"closed","template":"","meta":{"nf_dc_page":"","footnotes":""},"class_list":["post-464","page","type-page","status-publish","hentry"],"yoast_head":"<!-- This site is optimized with the Yoast SEO Premium plugin v27.2 (Yoast SEO v27.2) - https:\/\/yoast.com\/product\/yoast-seo-premium-wordpress\/ -->\n<title>Cont\u00e1ctenos - Telvista<\/title>\n<meta name=\"description\" content=\"Estamos aqu\u00ed para usted. P\u00f3ngase en contacto con nosotros para saber m\u00e1s sobre nuestras soluciones de primer nivel.\" \/>\n<meta name=\"robots\" content=\"index, follow, max-snippet:-1, max-image-preview:large, max-video-preview:-1\" \/>\n<link rel=\"canonical\" href=\"https:\/\/www.telvista.com\/es\/contactenos\" \/>\n<meta property=\"og:locale\" content=\"es_ES\" \/>\n<meta property=\"og:type\" content=\"article\" \/>\n<meta property=\"og:title\" content=\"Cont\u00e1ctenos\" \/>\n<meta property=\"og:description\" content=\"Estamos aqu\u00ed para usted. P\u00f3ngase en contacto con nosotros para saber m\u00e1s sobre nuestras soluciones de primer nivel.\" \/>\n<meta property=\"og:url\" content=\"https:\/\/www.telvista.com\/es\/contactenos\" \/>\n<meta property=\"og:site_name\" content=\"Telvista\" \/>\n<meta property=\"article:publisher\" content=\"https:\/\/www.facebook.com\/TelvistaUS\" \/>\n<meta property=\"article:modified_time\" content=\"2022-08-26T11:48:52+00:00\" \/>\n<meta name=\"twitter:card\" content=\"summary_large_image\" \/>\n<meta name=\"twitter:site\" content=\"@TelvistaUS\" \/>\n<meta name=\"twitter:label1\" content=\"Est. reading time\" \/>\n\t<meta name=\"twitter:data1\" content=\"1 minute\" \/>\n<script type=\"application\/ld+json\" class=\"yoast-schema-graph\">{\"@context\":\"https:\/\/schema.org\",\"@graph\":[{\"@type\":\"WebPage\",\"@id\":\"https:\/\/www.telvista.com\/es\/contactenos\",\"url\":\"https:\/\/www.telvista.com\/es\/contactenos\",\"name\":\"Cont\u00e1ctenos - Telvista\",\"isPartOf\":{\"@id\":\"https:\/\/www.telvista.com\/es#website\"},\"datePublished\":\"2022-07-18T09:16:22+00:00\",\"dateModified\":\"2022-08-26T11:48:52+00:00\",\"description\":\"Estamos aqu\u00ed para usted. P\u00f3ngase en contacto con nosotros para saber m\u00e1s sobre nuestras soluciones de primer nivel.\",\"breadcrumb\":{\"@id\":\"https:\/\/www.telvista.com\/es\/contactenos#breadcrumb\"},\"inLanguage\":\"es-ES\",\"potentialAction\":[{\"@type\":\"ReadAction\",\"target\":[\"https:\/\/www.telvista.com\/es\/contactenos\"]}]},{\"@type\":\"BreadcrumbList\",\"@id\":\"https:\/\/www.telvista.com\/es\/contactenos#breadcrumb\",\"itemListElement\":[{\"@type\":\"ListItem\",\"position\":1,\"name\":\"Home\",\"item\":\"https:\/\/www.telvista.com\/es\"},{\"@type\":\"ListItem\",\"position\":2,\"name\":\"Cont\u00e1ctenos\"}]},{\"@type\":\"WebSite\",\"@id\":\"https:\/\/www.telvista.com\/es#website\",\"url\":\"https:\/\/www.telvista.com\/es\",\"name\":\"Telvista\",\"description\":\"360 Degree BPO Services Provider\",\"publisher\":{\"@id\":\"https:\/\/www.telvista.com\/es#organization\"},\"potentialAction\":[{\"@type\":\"SearchAction\",\"target\":{\"@type\":\"EntryPoint\",\"urlTemplate\":\"https:\/\/www.telvista.com\/es?s={search_term_string}\"},\"query-input\":{\"@type\":\"PropertyValueSpecification\",\"valueRequired\":true,\"valueName\":\"search_term_string\"}}],\"inLanguage\":\"es-ES\"},{\"@type\":\"Organization\",\"@id\":\"https:\/\/www.telvista.com\/es#organization\",\"name\":\"Telvista\",\"url\":\"https:\/\/www.telvista.com\/es\",\"logo\":{\"@type\":\"ImageObject\",\"inLanguage\":\"es-ES\",\"@id\":\"https:\/\/www.telvista.com\/es#\/schema\/logo\/image\/\",\"url\":\"https:\/\/i0.wp.com\/www.telvista.com\/wp-content\/uploads\/2022\/06\/Logo-Telvista.png?fit=200%2C81&ssl=1\",\"contentUrl\":\"https:\/\/i0.wp.com\/www.telvista.com\/wp-content\/uploads\/2022\/06\/Logo-Telvista.png?fit=200%2C81&ssl=1\",\"width\":200,\"height\":81,\"caption\":\"Telvista\"},\"image\":{\"@id\":\"https:\/\/www.telvista.com\/es#\/schema\/logo\/image\/\"},\"sameAs\":[\"https:\/\/www.facebook.com\/TelvistaUS\",\"https:\/\/x.com\/TelvistaUS\",\"https:\/\/www.linkedin.com\/company\/telvistaus\/\",\"https:\/\/www.instagram.com\/telvistaus\/\"]}]}<\/script>\n<!-- \/ Yoast SEO Premium plugin. -->","yoast_head_json":{"title":"Cont\u00e1ctenos - Telvista","description":"Estamos aqu\u00ed para usted. P\u00f3ngase en contacto con nosotros para saber m\u00e1s sobre nuestras soluciones de primer nivel.","robots":{"index":"index","follow":"follow","max-snippet":"max-snippet:-1","max-image-preview":"max-image-preview:large","max-video-preview":"max-video-preview:-1"},"canonical":"https:\/\/www.telvista.com\/es\/contactenos","og_locale":"es_ES","og_type":"article","og_title":"Cont\u00e1ctenos","og_description":"Estamos aqu\u00ed para usted. P\u00f3ngase en contacto con nosotros para saber m\u00e1s sobre nuestras soluciones de primer nivel.","og_url":"https:\/\/www.telvista.com\/es\/contactenos","og_site_name":"Telvista","article_publisher":"https:\/\/www.facebook.com\/TelvistaUS","article_modified_time":"2022-08-26T11:48:52+00:00","twitter_card":"summary_large_image","twitter_site":"@TelvistaUS","twitter_misc":{"Est. reading time":"1 minute"},"schema":{"@context":"https:\/\/schema.org","@graph":[{"@type":"WebPage","@id":"https:\/\/www.telvista.com\/es\/contactenos","url":"https:\/\/www.telvista.com\/es\/contactenos","name":"Cont\u00e1ctenos - Telvista","isPartOf":{"@id":"https:\/\/www.telvista.com\/es#website"},"datePublished":"2022-07-18T09:16:22+00:00","dateModified":"2022-08-26T11:48:52+00:00","description":"Estamos aqu\u00ed para usted. P\u00f3ngase en contacto con nosotros para saber m\u00e1s sobre nuestras soluciones de primer nivel.","breadcrumb":{"@id":"https:\/\/www.telvista.com\/es\/contactenos#breadcrumb"},"inLanguage":"es-ES","potentialAction":[{"@type":"ReadAction","target":["https:\/\/www.telvista.com\/es\/contactenos"]}]},{"@type":"BreadcrumbList","@id":"https:\/\/www.telvista.com\/es\/contactenos#breadcrumb","itemListElement":[{"@type":"ListItem","position":1,"name":"Home","item":"https:\/\/www.telvista.com\/es"},{"@type":"ListItem","position":2,"name":"Cont\u00e1ctenos"}]},{"@type":"WebSite","@id":"https:\/\/www.telvista.com\/es#website","url":"https:\/\/www.telvista.com\/es","name":"Telvista","description":"360 Degree BPO Services Provider","publisher":{"@id":"https:\/\/www.telvista.com\/es#organization"},"potentialAction":[{"@type":"SearchAction","target":{"@type":"EntryPoint","urlTemplate":"https:\/\/www.telvista.com\/es?s={search_term_string}"},"query-input":{"@type":"PropertyValueSpecification","valueRequired":true,"valueName":"search_term_string"}}],"inLanguage":"es-ES"},{"@type":"Organization","@id":"https:\/\/www.telvista.com\/es#organization","name":"Telvista","url":"https:\/\/www.telvista.com\/es","logo":{"@type":"ImageObject","inLanguage":"es-ES","@id":"https:\/\/www.telvista.com\/es#\/schema\/logo\/image\/","url":"https:\/\/i0.wp.com\/www.telvista.com\/wp-content\/uploads\/2022\/06\/Logo-Telvista.png?fit=200%2C81&ssl=1","contentUrl":"https:\/\/i0.wp.com\/www.telvista.com\/wp-content\/uploads\/2022\/06\/Logo-Telvista.png?fit=200%2C81&ssl=1","width":200,"height":81,"caption":"Telvista"},"image":{"@id":"https:\/\/www.telvista.com\/es#\/schema\/logo\/image\/"},"sameAs":["https:\/\/www.facebook.com\/TelvistaUS","https:\/\/x.com\/TelvistaUS","https:\/\/www.linkedin.com\/company\/telvistaus\/","https:\/\/www.instagram.com\/telvistaus\/"]}]}},"_links":{"self":[{"href":"https:\/\/www.telvista.com\/es\/wp-json\/wp\/v2\/pages\/464","targetHints":{"allow":["GET"]}}],"collection":[{"href":"https:\/\/www.telvista.com\/es\/wp-json\/wp\/v2\/pages"}],"about":[{"href":"https:\/\/www.telvista.com\/es\/wp-json\/wp\/v2\/types\/page"}],"author":[{"embeddable":true,"href":"https:\/\/www.telvista.com\/es\/wp-json\/wp\/v2\/users\/7"}],"replies":[{"embeddable":true,"href":"https:\/\/www.telvista.com\/es\/wp-json\/wp\/v2\/comments?post=464"}],"version-history":[{"count":49,"href":"https:\/\/www.telvista.com\/es\/wp-json\/wp\/v2\/pages\/464\/revisions"}],"predecessor-version":[{"id":2128,"href":"https:\/\/www.telvista.com\/es\/wp-json\/wp\/v2\/pages\/464\/revisions\/2128"}],"wp:attachment":[{"href":"https:\/\/www.telvista.com\/es\/wp-json\/wp\/v2\/media?parent=464"}],"curies":[{"name":"wp","href":"https:\/\/api.w.org\/{rel}","templated":true}]}}