{"id":2334,"date":"2022-09-01T07:28:11","date_gmt":"2022-09-01T12:28:11","guid":{"rendered":"https:\/\/dev.telvista.com\/?page_id=2334"},"modified":"2022-09-01T09:52:27","modified_gmt":"2022-09-01T14:52:27","slug":"terminos-de-uso","status":"publish","type":"page","link":"https:\/\/www.telvista.com\/es\/terminos-de-uso","title":{"rendered":"T\u00e9rminos De Uso"},"content":{"rendered":"<div class=\"container py-4 mt-2\">\n<h3> T\u00c9RMINOS DE USO <\/h3>\n<p>El contenido de este sitio Web es propiedad de Telvista y no puede ser reproducido (excepto para prop\u00f3sitos de ver su contenido) para cualquier prop\u00f3sito sin el consentimiento de Telvista. Telvista utiliza medios razonables para mantener la informaci\u00f3n en este sitio actualizada y correcta. Sin embargo, pueden producirse errores u omisiones y deber\u00e1s verificar cualquier informaci\u00f3n con Telvista antes de confiar en ella, para cualquier prop\u00f3sito material. Telvista puede utilizar cookies o herramientas similares que registran informaci\u00f3n a nivel de equipo (pero no personal). Esta informaci\u00f3n se utiliza para el an\u00e1lisis de mercadotecnia y dise\u00f1o del sitio Web. Enlaces a otros sitios Web son \u00fanicamente para la comodidad del visitante del sitio Web. Telvista no respalda ni patrocina otros sitios Web o su contenido. Telvista no asume ninguna responsabilidad por su actualizaci\u00f3n o exactitud.<\/p>\n<p>Descripciones de productos y servicios, estudios de casos y reportes en este sitio Web proporcionan informaci\u00f3n general y no constituyen representaciones o garant\u00edas en cuanto a un producto o servicio especifico.<\/p>\n<p><b>TELVISTA, A TRAV\u00c9S DE ESTE MEDIO, RECHAZA CUALQUIER GARANT\u00cdA BASADA EN LAS DESCRIPCIONES CONTENIDAS EN ESTE SITIO, INCLUYENDO, PERO NO LIMITADO, A LAS GARANT\u00cdAS DE COMERCIALIZACION, NO INFRACCI\u00d3N E IDONEIDAD PARA UN PROP\u00d3SITO PARTICULAR. CUALQUIER INFORMACI\u00d3N SOBRE LA CUAL USTED TIENE LA INTENCI\u00d3N DE CONFIAR DEBER\u00c1 SER VALIDADA POR SEPARADO Y EXPRESADA POR ESCRITO EJECUTADO POR UN REPRESENTANTE AUTORIZADO DE TELVISTA. EN NING\u00daN CASO TELVISTA SER\u00c1 RESPONSABLE POR NING\u00daN DA\u00d1O REAL, CONSECUENCIAL, INCIDENTAL O ESPECIAL RELACIONADOS CON EL USO DE ESTE SITIO WEB. CUALQUIER DISPUTA ACERCA DE ESTE SITIO WEB O ESTOS T\u00c9RMINOS SER\u00c1 DETERMINADO CONFORME A LA LEY DE TEXAS POR UN TRIBUNAL DE JURISDICCI\u00d3N COMPETENTE UBICADO EN EL CONDADO DE DALLAS, TEXAS, ESTADOS UNIDOS DE AMERICA.<\/b><\/p>\n<p>Telvista se reserva el derecho a cambios a las Condiciones de Uso sin previo aviso.\n<\/p><\/div>\n","protected":false},"excerpt":{"rendered":"<p>T\u00c9RMINOS DE USO El contenido de este sitio Web es propiedad de Telvista y no&#8230;<\/p>\n","protected":false},"author":6,"featured_media":0,"parent":0,"menu_order":0,"comment_status":"closed","ping_status":"closed","template":"","meta":{"nf_dc_page":"","footnotes":""},"class_list":["post-2334","page","type-page","status-publish","hentry"],"yoast_head":"<!-- This site is optimized with the Yoast SEO Premium plugin v27.2 (Yoast SEO v27.2) - https:\/\/yoast.com\/product\/yoast-seo-premium-wordpress\/ -->\n<title>T\u00e9rminos De Uso - Telvista<\/title>\n<meta name=\"robots\" content=\"noindex, nofollow\" \/>\n<meta property=\"og:locale\" content=\"es_ES\" \/>\n<meta property=\"og:type\" content=\"article\" \/>\n<meta property=\"og:title\" content=\"T\u00e9rminos De Uso\" \/>\n<meta property=\"og:description\" content=\"T\u00c9RMINOS DE USO El contenido de este sitio Web es propiedad de Telvista y no...\" \/>\n<meta property=\"og:url\" content=\"https:\/\/www.telvista.com\/es\/terminos-de-uso\" \/>\n<meta property=\"og:site_name\" content=\"Telvista\" \/>\n<meta property=\"article:publisher\" content=\"https:\/\/www.facebook.com\/TelvistaUS\" \/>\n<meta property=\"article:modified_time\" content=\"2022-09-01T14:52:27+00:00\" \/>\n<meta name=\"twitter:card\" content=\"summary_large_image\" \/>\n<meta name=\"twitter:site\" content=\"@TelvistaUS\" \/>\n<meta name=\"twitter:label1\" content=\"Est. reading time\" \/>\n\t<meta name=\"twitter:data1\" content=\"2 minutes\" \/>\n<script type=\"application\/ld+json\" class=\"yoast-schema-graph\">{\"@context\":\"https:\/\/schema.org\",\"@graph\":[{\"@type\":\"WebPage\",\"@id\":\"https:\/\/www.telvista.com\/es\/terminos-de-uso\",\"url\":\"https:\/\/www.telvista.com\/es\/terminos-de-uso\",\"name\":\"T\u00e9rminos De Uso - Telvista\",\"isPartOf\":{\"@id\":\"https:\/\/www.telvista.com\/es#website\"},\"datePublished\":\"2022-09-01T12:28:11+00:00\",\"dateModified\":\"2022-09-01T14:52:27+00:00\",\"breadcrumb\":{\"@id\":\"https:\/\/www.telvista.com\/es\/terminos-de-uso#breadcrumb\"},\"inLanguage\":\"es-ES\",\"potentialAction\":[{\"@type\":\"ReadAction\",\"target\":[\"https:\/\/www.telvista.com\/es\/terminos-de-uso\"]}]},{\"@type\":\"BreadcrumbList\",\"@id\":\"https:\/\/www.telvista.com\/es\/terminos-de-uso#breadcrumb\",\"itemListElement\":[{\"@type\":\"ListItem\",\"position\":1,\"name\":\"Home\",\"item\":\"https:\/\/www.telvista.com\/es\"},{\"@type\":\"ListItem\",\"position\":2,\"name\":\"T\u00e9rminos De Uso\"}]},{\"@type\":\"WebSite\",\"@id\":\"https:\/\/www.telvista.com\/es#website\",\"url\":\"https:\/\/www.telvista.com\/es\",\"name\":\"Telvista\",\"description\":\"360 Degree BPO Services Provider\",\"publisher\":{\"@id\":\"https:\/\/www.telvista.com\/es#organization\"},\"potentialAction\":[{\"@type\":\"SearchAction\",\"target\":{\"@type\":\"EntryPoint\",\"urlTemplate\":\"https:\/\/www.telvista.com\/es?s={search_term_string}\"},\"query-input\":{\"@type\":\"PropertyValueSpecification\",\"valueRequired\":true,\"valueName\":\"search_term_string\"}}],\"inLanguage\":\"es-ES\"},{\"@type\":\"Organization\",\"@id\":\"https:\/\/www.telvista.com\/es#organization\",\"name\":\"Telvista\",\"url\":\"https:\/\/www.telvista.com\/es\",\"logo\":{\"@type\":\"ImageObject\",\"inLanguage\":\"es-ES\",\"@id\":\"https:\/\/www.telvista.com\/es#\/schema\/logo\/image\/\",\"url\":\"https:\/\/i0.wp.com\/www.telvista.com\/wp-content\/uploads\/2022\/06\/Logo-Telvista.png?fit=200%2C81&ssl=1\",\"contentUrl\":\"https:\/\/i0.wp.com\/www.telvista.com\/wp-content\/uploads\/2022\/06\/Logo-Telvista.png?fit=200%2C81&ssl=1\",\"width\":200,\"height\":81,\"caption\":\"Telvista\"},\"image\":{\"@id\":\"https:\/\/www.telvista.com\/es#\/schema\/logo\/image\/\"},\"sameAs\":[\"https:\/\/www.facebook.com\/TelvistaUS\",\"https:\/\/x.com\/TelvistaUS\",\"https:\/\/www.linkedin.com\/company\/telvistaus\/\",\"https:\/\/www.instagram.com\/telvistaus\/\"]}]}<\/script>\n<!-- \/ Yoast SEO Premium plugin. -->","yoast_head_json":{"title":"T\u00e9rminos De Uso - Telvista","robots":{"index":"noindex","follow":"nofollow"},"og_locale":"es_ES","og_type":"article","og_title":"T\u00e9rminos De Uso","og_description":"T\u00c9RMINOS DE USO El contenido de este sitio Web es propiedad de Telvista y no...","og_url":"https:\/\/www.telvista.com\/es\/terminos-de-uso","og_site_name":"Telvista","article_publisher":"https:\/\/www.facebook.com\/TelvistaUS","article_modified_time":"2022-09-01T14:52:27+00:00","twitter_card":"summary_large_image","twitter_site":"@TelvistaUS","twitter_misc":{"Est. reading time":"2 minutes"},"schema":{"@context":"https:\/\/schema.org","@graph":[{"@type":"WebPage","@id":"https:\/\/www.telvista.com\/es\/terminos-de-uso","url":"https:\/\/www.telvista.com\/es\/terminos-de-uso","name":"T\u00e9rminos De Uso - Telvista","isPartOf":{"@id":"https:\/\/www.telvista.com\/es#website"},"datePublished":"2022-09-01T12:28:11+00:00","dateModified":"2022-09-01T14:52:27+00:00","breadcrumb":{"@id":"https:\/\/www.telvista.com\/es\/terminos-de-uso#breadcrumb"},"inLanguage":"es-ES","potentialAction":[{"@type":"ReadAction","target":["https:\/\/www.telvista.com\/es\/terminos-de-uso"]}]},{"@type":"BreadcrumbList","@id":"https:\/\/www.telvista.com\/es\/terminos-de-uso#breadcrumb","itemListElement":[{"@type":"ListItem","position":1,"name":"Home","item":"https:\/\/www.telvista.com\/es"},{"@type":"ListItem","position":2,"name":"T\u00e9rminos De Uso"}]},{"@type":"WebSite","@id":"https:\/\/www.telvista.com\/es#website","url":"https:\/\/www.telvista.com\/es","name":"Telvista","description":"360 Degree BPO Services Provider","publisher":{"@id":"https:\/\/www.telvista.com\/es#organization"},"potentialAction":[{"@type":"SearchAction","target":{"@type":"EntryPoint","urlTemplate":"https:\/\/www.telvista.com\/es?s={search_term_string}"},"query-input":{"@type":"PropertyValueSpecification","valueRequired":true,"valueName":"search_term_string"}}],"inLanguage":"es-ES"},{"@type":"Organization","@id":"https:\/\/www.telvista.com\/es#organization","name":"Telvista","url":"https:\/\/www.telvista.com\/es","logo":{"@type":"ImageObject","inLanguage":"es-ES","@id":"https:\/\/www.telvista.com\/es#\/schema\/logo\/image\/","url":"https:\/\/i0.wp.com\/www.telvista.com\/wp-content\/uploads\/2022\/06\/Logo-Telvista.png?fit=200%2C81&ssl=1","contentUrl":"https:\/\/i0.wp.com\/www.telvista.com\/wp-content\/uploads\/2022\/06\/Logo-Telvista.png?fit=200%2C81&ssl=1","width":200,"height":81,"caption":"Telvista"},"image":{"@id":"https:\/\/www.telvista.com\/es#\/schema\/logo\/image\/"},"sameAs":["https:\/\/www.facebook.com\/TelvistaUS","https:\/\/x.com\/TelvistaUS","https:\/\/www.linkedin.com\/company\/telvistaus\/","https:\/\/www.instagram.com\/telvistaus\/"]}]}},"_links":{"self":[{"href":"https:\/\/www.telvista.com\/es\/wp-json\/wp\/v2\/pages\/2334","targetHints":{"allow":["GET"]}}],"collection":[{"href":"https:\/\/www.telvista.com\/es\/wp-json\/wp\/v2\/pages"}],"about":[{"href":"https:\/\/www.telvista.com\/es\/wp-json\/wp\/v2\/types\/page"}],"author":[{"embeddable":true,"href":"https:\/\/www.telvista.com\/es\/wp-json\/wp\/v2\/users\/6"}],"replies":[{"embeddable":true,"href":"https:\/\/www.telvista.com\/es\/wp-json\/wp\/v2\/comments?post=2334"}],"version-history":[{"count":4,"href":"https:\/\/www.telvista.com\/es\/wp-json\/wp\/v2\/pages\/2334\/revisions"}],"predecessor-version":[{"id":2375,"href":"https:\/\/www.telvista.com\/es\/wp-json\/wp\/v2\/pages\/2334\/revisions\/2375"}],"wp:attachment":[{"href":"https:\/\/www.telvista.com\/es\/wp-json\/wp\/v2\/media?parent=2334"}],"curies":[{"name":"wp","href":"https:\/\/api.w.org\/{rel}","templated":true}]}}