{"id":2030,"date":"2022-07-21T04:16:44","date_gmt":"2022-07-21T09:16:44","guid":{"rendered":"http:\/\/dev.telvista.com\/\/?page_id=2030"},"modified":"2024-07-30T09:05:05","modified_gmt":"2024-07-30T14:05:05","slug":"la-vida-en-telvista","status":"publish","type":"page","link":"https:\/\/www.telvista.com\/es\/carreras\/la-vida-en-telvista","title":{"rendered":"La vida en Telvista"},"content":{"rendered":"<div class=\"wpb-content-wrapper\"><p>[vc_row full_width=&#8221;stretch_row_content_no_spaces&#8221;][vc_column]<div id=\"myCarousel\" class=\"carousel slide bg-light-blue\" data-bs-ride=\"carousel\"><div class=\"carousel-indicators\"><button type=\"button\" data-bs-target=\"#myCarousel\" data-bs-slide-to=\"0\" class=\"active\" aria-current=\"true\" aria-label=\"Slide 0\"><\/button><button type=\"button\" data-bs-target=\"#myCarousel\" data-bs-slide-to=\"1\" class=\"\" aria-current=\"true\" aria-label=\"Slide 1\"><\/button><button type=\"button\" data-bs-target=\"#myCarousel\" data-bs-slide-to=\"2\" class=\"\" aria-current=\"true\" aria-label=\"Slide 2\"><\/button><\/div><div class=\"carousel-inner\" >\n                            <div class=\"carousel-item active\" style=\"background-image: url(https:\/\/www.telvista.com\/wp-content\/uploads\/2022\/08\/Careers_LifeAtTelvista_-Diversity-Equity-and-Inclusion.jpg)\">\n                        <div class=\"container\">\n                            <div class=\"text-start row banner-slider align-content-center py-4\">\n                                <div class=\"col-xl-6 col-xxl-5 col-lg-11 offset-lg-1 pe-xxl-0\"><h1 class=\"h1\">Diversidad, equidad <span class=\"text-blue\">e inclusi\u00f3n<\/span><\/h1><p class=\"font-18\"><strong>La diversidad, la equidad y la inclusi\u00f3n<\/strong> son una gran parte de la cultura de trabajo de Telvista. Promovemos y apoyamos dicha \u00e9tica de trabajo para crear un ambiente familiar para fomentar la armon\u00eda. Esto nos ayuda a crear una experiencia de trabajo de apoyo para todos.<\/p><\/div>\n                            <\/div>\n                        <\/div>\n                    <\/div><div class=\"carousel-item \" style=\"background-image: url(https:\/\/www.telvista.com\/wp-content\/uploads\/2022\/08\/Careers_LifeAtTelvista_-Unbeatable-Team-Spirit.jpg)\">\n                        <div class=\"container\">\n                            <div class=\"text-start row banner-slider align-content-center py-4\">\n                                <div class=\"col-xl-6 col-xxl-5 col-lg-11 offset-lg-1 pe-xxl-0\"><h2 class=\"h1\">Comunidad y esp\u00edritu de equipo <span class=\"text-blue\">inmejorable<\/span><\/h2><p class=\"font-18\">En Telvista, creemos firmemente en el esp\u00edritu de equipo. Alentar a nuestros talentosos empleados a trabajar juntos y divertirse nos ayuda a crear comunidad entre los miembros del equipo.<\/p><\/div>\n                            <\/div>\n                        <\/div>\n                    <\/div><div class=\"carousel-item \" style=\"background-image: url(https:\/\/www.telvista.com\/wp-content\/uploads\/2022\/08\/Careers_LifeAtTelvista_-Friendly-Work-Environment.jpg)\">\n                        <div class=\"container\">\n                            <div class=\"text-start row banner-slider align-content-center py-4\">\n                                <div class=\"col-xl-6 col-xxl-5 col-lg-11 offset-lg-1 pe-xxl-0\"><h2 class=\"h1\">Un ambiente de trabajo <span class=\"text-blue\">amigable<\/span><\/h2><p class=\"font-18\">Telvista se enfoca en crear un ambiente de trabajo amigable y colaborativo, permitiendo que nuestros empleados trabajadores y dedicados se sientan como en casa y aprendan unos de otros.<\/p><\/div>\n                            <\/div>\n                        <\/div>\n                    <\/div>\n                        <\/div><button class=\"carousel-control-prev d-lg-flex d-none\" type=\"button\" data-bs-target=\"#myCarousel\" data-bs-slide=\"prev\">\n                            <span class=\"carousel-control-prev-icon\" aria-hidden=\"true\"><\/span>\n                            <span class=\"visually-hidden\">Previous<\/span>\n                        <\/button>\n                        <button class=\"carousel-control-next d-lg-flex d-none\" type=\"button\" data-bs-target=\"#myCarousel\" data-bs-slide=\"next\">\n                            <span class=\"carousel-control-next-icon\" aria-hidden=\"true\"><\/span>\n                            <span class=\"visually-hidden\">Next<\/span>\n                        <\/button><\/div>[\/vc_column][\/vc_row][vc_row full_width=&#8221;stretch_row&#8221;][vc_column]<section class=\"mid-page-content pt-lg-5 pb-4 pt-4\">\n                        <div class=\"container\">\n                            <div  class=\"row featurette align-items-center py-lg-5 py-4 \"><div class=\"col-lg-6 min-page-image position-relative\">\n\t\t\t\t\t\t\t\t<img decoding=\"async\" src=\"https:\/\/www.telvista.com\/wp-content\/uploads\/2022\/09\/its-fun.jpg\" class=\"img-fluid mw-100\" alt=\"It\u2019s Fun to Be a Part of Telvista\">\n\t\t\t\t\t\t\t<\/div><div class=\"col-lg-5 offset-lg-1\"><h2>Es divertido ser parte de Telvista<\/h2><div>\u00a1Nos encanta divertirnos! Telvista quiere que sus empleados se sientan emocionados y alegres en el trabajo. Tenemos salas de descanso con televisores, mesas de billar y juegos para mantener entretenida a nuestra fuerza laboral. Hemos instalado oficinas de dise\u00f1o ergon\u00f3mico y centros de contacto con luz natural que nos ayudan a promover un ambiente de trabajo libre de estr\u00e9s, lo que permite a nuestros empleados realizar sus trabajos c\u00f3modamente. Un empleado que est\u00e1 contento en el trabajo es un activo para Telvista, nuestros clientes y su familia. Telvista no se trata solo de trabajo, tambi\u00e9n priorizamos la vida personal de los colaboradores.<\/div><\/div>\n                    <\/div><div  class=\"row featurette align-items-center py-lg-5 py-4 flex-lg-row-reverse\"><div class=\"col-lg-6 min-page-image position-relative\">\n\t\t\t\t\t\t\t\t<img decoding=\"async\" src=\"https:\/\/www.telvista.com\/wp-content\/uploads\/2022\/08\/We-Encourage-Teamwork.jpg\" class=\"img-fluid mw-100\" alt=\"We Encourage Teamwork\">\n\t\t\t\t\t\t\t<\/div><div class=\"col-lg-5 offset-lg-1\"><h2>Fomentamos el trabajo en equipo<\/h2><div>El trabajo en equipo tiene un impacto duradero y eso es lo que buscamos en Televista. Cuando aprendes y creces junto con tus compa\u00f1eros de trabajo, tienes un mayor impacto.\u00a0 Aqu\u00ed, aprender\u00e1 m\u00e9todos de comunicaci\u00f3n mejorados, coordinaci\u00f3n mejorada y un sistema comunitario sincronizado. Trabajar de manera reflexiva y cooperativa como equipo permite a nuestros empleados vincularse mejor, ayud\u00e1ndoles a mejorar su productividad. Adem\u00e1s, se forman amistades duraderas, lo que resulta en menos estr\u00e9s laboral, lo que permite a nuestro talentoso equipo abordar cada desaf\u00edo que enfrentan.<\/div><\/div>\n                    <\/div><div  class=\"row featurette align-items-center py-lg-5 py-4 \"><div class=\"col-lg-6 min-page-image position-relative\">\n\t\t\t\t\t\t\t\t<img decoding=\"async\" src=\"https:\/\/www.telvista.com\/wp-content\/uploads\/2022\/08\/Diverse-and-Inclusive-Culture.jpg\" class=\"img-fluid mw-100\" alt=\"Telvista Inclusive Culture\">\n\t\t\t\t\t\t\t<\/div><div class=\"col-lg-5 offset-lg-1\"><h2>Cultura diversa e inclusiva<\/h2><div>Telvista tiene como objetivo construir una comunidad global. Hay diversificaci\u00f3n cultural, igualdad de g\u00e9nero, ambiente de trabajo imparcial y discusiones abiertas. Somos de la opini\u00f3n de que celebrar las diferencias nos hace m\u00e1s unidos. Tratarse unos a otros con dignidad y animar a los compa\u00f1eros de trabajo hace que los peque\u00f1os \u00e9xitos se sientan geniales. Personas de diversas culturas y perspectivas mejoran nuestro lugar de trabajo y el \u00e9xito de la empresa. Para obtener nuevas experiencias, les pedimos a nuestros empleados que salgan de su zona de confort, obtengan nuevas experiencias e insp\u00edrense en los desaf\u00edos.<\/div><\/div>\n                    <\/div>\n                        <\/div>\n                    <\/section>[\/vc_column][\/vc_row][vc_row full_width=&#8221;stretch_row&#8221; el_class=&#8221;why-heroBar1 sec-mb&#8221;][vc_column]<section class=\"container hero-1-pm\">\n                    <div class=\"hero-bar bg-blue text-center text-white py-5 px-4\" style=\"background-image: url(https:\/\/www.telvista.com\/wp-content\/uploads\/2022\/06\/hero-bar1.png)\"><p class=\"mb-1 h5 pb-2\">Comienza o contin\u00faa tu viaje profesional con Telvista<\/p><p class=\"h1 pb-3\">S\u00e9 parte de nuestro equipo divertido y en\u00e9rgico<\/p><a href=\"https:\/\/www.telvistaservices.com.mx\/CRM\/SolEmp\/Default.aspx\" class=\"btn-orange font-bold btn text-white px-4\" target=\"_blank\">Ver ofertas de trabajo <i class=\"iconsax mt-n-3\" icon-name=\"arrow-right\"><\/i><\/a><\/div>\n                <\/section>[\/vc_column][\/vc_row]<\/p>\n<\/div>","protected":false},"excerpt":{"rendered":"<p>[vc_row full_width=&#8221;stretch_row_content_no_spaces&#8221;][vc_column][\/vc_column][\/vc_row][vc_row full_width=&#8221;stretch_row&#8221;][vc_column][\/vc_column][\/vc_row][vc_row full_width=&#8221;stretch_row&#8221; el_class=&#8221;why-heroBar1 sec-mb&#8221;][vc_column][\/vc_column][\/vc_row]<\/p>\n","protected":false},"author":4,"featured_media":0,"parent":739,"menu_order":0,"comment_status":"closed","ping_status":"closed","template":"","meta":{"nf_dc_page":"","footnotes":""},"class_list":["post-2030","page","type-page","status-publish","hentry"],"yoast_head":"<!-- This site is optimized with the Yoast SEO Premium plugin v27.2 (Yoast SEO v27.2) - https:\/\/yoast.com\/product\/yoast-seo-premium-wordpress\/ -->\n<title>La vida en Telvista - Telvista<\/title>\n<meta name=\"description\" content=\"En Telvista, La diversidad, la equidad y la inclusi\u00f3n son una gran parte de la cultura de trabajo de Telvista.\" \/>\n<meta name=\"robots\" content=\"index, follow, max-snippet:-1, max-image-preview:large, max-video-preview:-1\" \/>\n<link rel=\"canonical\" href=\"https:\/\/www.telvista.com\/es\/carreras\/la-vida-en-telvista\" \/>\n<meta property=\"og:locale\" content=\"es_ES\" \/>\n<meta property=\"og:type\" content=\"article\" \/>\n<meta property=\"og:title\" content=\"La vida en Telvista\" \/>\n<meta property=\"og:description\" content=\"En Telvista, La diversidad, la equidad y la inclusi\u00f3n son una gran parte de la cultura de trabajo de Telvista.\" \/>\n<meta property=\"og:url\" content=\"https:\/\/www.telvista.com\/es\/carreras\/la-vida-en-telvista\" \/>\n<meta property=\"og:site_name\" content=\"Telvista\" \/>\n<meta property=\"article:publisher\" content=\"https:\/\/www.facebook.com\/TelvistaUS\" \/>\n<meta property=\"article:modified_time\" content=\"2024-07-30T14:05:05+00:00\" \/>\n<meta name=\"twitter:card\" content=\"summary_large_image\" \/>\n<meta name=\"twitter:site\" content=\"@TelvistaUS\" \/>\n<meta name=\"twitter:label1\" content=\"Est. reading time\" \/>\n\t<meta name=\"twitter:data1\" content=\"2 minutes\" \/>\n<script type=\"application\/ld+json\" class=\"yoast-schema-graph\">{\"@context\":\"https:\/\/schema.org\",\"@graph\":[{\"@type\":\"WebPage\",\"@id\":\"https:\/\/www.telvista.com\/es\/carreras\/la-vida-en-telvista\",\"url\":\"https:\/\/www.telvista.com\/es\/carreras\/la-vida-en-telvista\",\"name\":\"La vida en Telvista - Telvista\",\"isPartOf\":{\"@id\":\"https:\/\/www.telvista.com\/es#website\"},\"datePublished\":\"2022-07-21T09:16:44+00:00\",\"dateModified\":\"2024-07-30T14:05:05+00:00\",\"description\":\"En Telvista, La diversidad, la equidad y la inclusi\u00f3n son una gran parte de la cultura de trabajo de Telvista.\",\"breadcrumb\":{\"@id\":\"https:\/\/www.telvista.com\/es\/carreras\/la-vida-en-telvista#breadcrumb\"},\"inLanguage\":\"es-ES\",\"potentialAction\":[{\"@type\":\"ReadAction\",\"target\":[\"https:\/\/www.telvista.com\/es\/carreras\/la-vida-en-telvista\"]}]},{\"@type\":\"BreadcrumbList\",\"@id\":\"https:\/\/www.telvista.com\/es\/carreras\/la-vida-en-telvista#breadcrumb\",\"itemListElement\":[{\"@type\":\"ListItem\",\"position\":1,\"name\":\"Home\",\"item\":\"https:\/\/www.telvista.com\/es\"},{\"@type\":\"ListItem\",\"position\":2,\"name\":\"Carreras\",\"item\":\"https:\/\/www.telvista.com\/es\/carreras\"},{\"@type\":\"ListItem\",\"position\":3,\"name\":\"La vida en Telvista\"}]},{\"@type\":\"WebSite\",\"@id\":\"https:\/\/www.telvista.com\/es#website\",\"url\":\"https:\/\/www.telvista.com\/es\",\"name\":\"Telvista\",\"description\":\"360 Degree BPO Services Provider\",\"publisher\":{\"@id\":\"https:\/\/www.telvista.com\/es#organization\"},\"potentialAction\":[{\"@type\":\"SearchAction\",\"target\":{\"@type\":\"EntryPoint\",\"urlTemplate\":\"https:\/\/www.telvista.com\/es?s={search_term_string}\"},\"query-input\":{\"@type\":\"PropertyValueSpecification\",\"valueRequired\":true,\"valueName\":\"search_term_string\"}}],\"inLanguage\":\"es-ES\"},{\"@type\":\"Organization\",\"@id\":\"https:\/\/www.telvista.com\/es#organization\",\"name\":\"Telvista\",\"url\":\"https:\/\/www.telvista.com\/es\",\"logo\":{\"@type\":\"ImageObject\",\"inLanguage\":\"es-ES\",\"@id\":\"https:\/\/www.telvista.com\/es#\/schema\/logo\/image\/\",\"url\":\"https:\/\/i0.wp.com\/www.telvista.com\/wp-content\/uploads\/2022\/06\/Logo-Telvista.png?fit=200%2C81&ssl=1\",\"contentUrl\":\"https:\/\/i0.wp.com\/www.telvista.com\/wp-content\/uploads\/2022\/06\/Logo-Telvista.png?fit=200%2C81&ssl=1\",\"width\":200,\"height\":81,\"caption\":\"Telvista\"},\"image\":{\"@id\":\"https:\/\/www.telvista.com\/es#\/schema\/logo\/image\/\"},\"sameAs\":[\"https:\/\/www.facebook.com\/TelvistaUS\",\"https:\/\/x.com\/TelvistaUS\",\"https:\/\/www.linkedin.com\/company\/telvistaus\/\",\"https:\/\/www.instagram.com\/telvistaus\/\"]}]}<\/script>\n<!-- \/ Yoast SEO Premium plugin. -->","yoast_head_json":{"title":"La vida en Telvista - Telvista","description":"En Telvista, La diversidad, la equidad y la inclusi\u00f3n son una gran parte de la cultura de trabajo de Telvista.","robots":{"index":"index","follow":"follow","max-snippet":"max-snippet:-1","max-image-preview":"max-image-preview:large","max-video-preview":"max-video-preview:-1"},"canonical":"https:\/\/www.telvista.com\/es\/carreras\/la-vida-en-telvista","og_locale":"es_ES","og_type":"article","og_title":"La vida en Telvista","og_description":"En Telvista, La diversidad, la equidad y la inclusi\u00f3n son una gran parte de la cultura de trabajo de Telvista.","og_url":"https:\/\/www.telvista.com\/es\/carreras\/la-vida-en-telvista","og_site_name":"Telvista","article_publisher":"https:\/\/www.facebook.com\/TelvistaUS","article_modified_time":"2024-07-30T14:05:05+00:00","twitter_card":"summary_large_image","twitter_site":"@TelvistaUS","twitter_misc":{"Est. reading time":"2 minutes"},"schema":{"@context":"https:\/\/schema.org","@graph":[{"@type":"WebPage","@id":"https:\/\/www.telvista.com\/es\/carreras\/la-vida-en-telvista","url":"https:\/\/www.telvista.com\/es\/carreras\/la-vida-en-telvista","name":"La vida en Telvista - Telvista","isPartOf":{"@id":"https:\/\/www.telvista.com\/es#website"},"datePublished":"2022-07-21T09:16:44+00:00","dateModified":"2024-07-30T14:05:05+00:00","description":"En Telvista, La diversidad, la equidad y la inclusi\u00f3n son una gran parte de la cultura de trabajo de Telvista.","breadcrumb":{"@id":"https:\/\/www.telvista.com\/es\/carreras\/la-vida-en-telvista#breadcrumb"},"inLanguage":"es-ES","potentialAction":[{"@type":"ReadAction","target":["https:\/\/www.telvista.com\/es\/carreras\/la-vida-en-telvista"]}]},{"@type":"BreadcrumbList","@id":"https:\/\/www.telvista.com\/es\/carreras\/la-vida-en-telvista#breadcrumb","itemListElement":[{"@type":"ListItem","position":1,"name":"Home","item":"https:\/\/www.telvista.com\/es"},{"@type":"ListItem","position":2,"name":"Carreras","item":"https:\/\/www.telvista.com\/es\/carreras"},{"@type":"ListItem","position":3,"name":"La vida en Telvista"}]},{"@type":"WebSite","@id":"https:\/\/www.telvista.com\/es#website","url":"https:\/\/www.telvista.com\/es","name":"Telvista","description":"360 Degree BPO Services Provider","publisher":{"@id":"https:\/\/www.telvista.com\/es#organization"},"potentialAction":[{"@type":"SearchAction","target":{"@type":"EntryPoint","urlTemplate":"https:\/\/www.telvista.com\/es?s={search_term_string}"},"query-input":{"@type":"PropertyValueSpecification","valueRequired":true,"valueName":"search_term_string"}}],"inLanguage":"es-ES"},{"@type":"Organization","@id":"https:\/\/www.telvista.com\/es#organization","name":"Telvista","url":"https:\/\/www.telvista.com\/es","logo":{"@type":"ImageObject","inLanguage":"es-ES","@id":"https:\/\/www.telvista.com\/es#\/schema\/logo\/image\/","url":"https:\/\/i0.wp.com\/www.telvista.com\/wp-content\/uploads\/2022\/06\/Logo-Telvista.png?fit=200%2C81&ssl=1","contentUrl":"https:\/\/i0.wp.com\/www.telvista.com\/wp-content\/uploads\/2022\/06\/Logo-Telvista.png?fit=200%2C81&ssl=1","width":200,"height":81,"caption":"Telvista"},"image":{"@id":"https:\/\/www.telvista.com\/es#\/schema\/logo\/image\/"},"sameAs":["https:\/\/www.facebook.com\/TelvistaUS","https:\/\/x.com\/TelvistaUS","https:\/\/www.linkedin.com\/company\/telvistaus\/","https:\/\/www.instagram.com\/telvistaus\/"]}]}},"_links":{"self":[{"href":"https:\/\/www.telvista.com\/es\/wp-json\/wp\/v2\/pages\/2030","targetHints":{"allow":["GET"]}}],"collection":[{"href":"https:\/\/www.telvista.com\/es\/wp-json\/wp\/v2\/pages"}],"about":[{"href":"https:\/\/www.telvista.com\/es\/wp-json\/wp\/v2\/types\/page"}],"author":[{"embeddable":true,"href":"https:\/\/www.telvista.com\/es\/wp-json\/wp\/v2\/users\/4"}],"replies":[{"embeddable":true,"href":"https:\/\/www.telvista.com\/es\/wp-json\/wp\/v2\/comments?post=2030"}],"version-history":[{"count":5,"href":"https:\/\/www.telvista.com\/es\/wp-json\/wp\/v2\/pages\/2030\/revisions"}],"predecessor-version":[{"id":3494,"href":"https:\/\/www.telvista.com\/es\/wp-json\/wp\/v2\/pages\/2030\/revisions\/3494"}],"up":[{"embeddable":true,"href":"https:\/\/www.telvista.com\/es\/wp-json\/wp\/v2\/pages\/739"}],"wp:attachment":[{"href":"https:\/\/www.telvista.com\/es\/wp-json\/wp\/v2\/media?parent=2030"}],"curies":[{"name":"wp","href":"https:\/\/api.w.org\/{rel}","templated":true}]}}