{"id":1898,"date":"2022-07-21T04:17:49","date_gmt":"2022-07-21T09:17:49","guid":{"rendered":"http:\/\/dev.telvista.com\/\/?page_id=1898"},"modified":"2022-09-08T04:52:55","modified_gmt":"2022-09-08T09:52:55","slug":"telvistahome","status":"publish","type":"page","link":"https:\/\/www.telvista.com\/es\/carreras\/telvistahome","title":{"rendered":"Telvista@Home"},"content":{"rendered":"<div class=\"wpb-content-wrapper\"><p>[vc_row full_width=&#8221;stretch_row_content_no_spaces&#8221;][vc_column]<div id=\"myCarousel\" class=\"carousel slide bg-light-blue\" data-bs-ride=\"carousel\"><div class=\"carousel-indicators\"><button type=\"button\" data-bs-target=\"#myCarousel\" data-bs-slide-to=\"0\" class=\"active\" aria-current=\"true\" aria-label=\"Slide 0\"><\/button><button type=\"button\" data-bs-target=\"#myCarousel\" data-bs-slide-to=\"1\" class=\"\" aria-current=\"true\" aria-label=\"Slide 1\"><\/button><button type=\"button\" data-bs-target=\"#myCarousel\" data-bs-slide-to=\"2\" class=\"\" aria-current=\"true\" aria-label=\"Slide 2\"><\/button><\/div><div class=\"carousel-inner\" >\n                            <div class=\"carousel-item active\" style=\"background-image: url(https:\/\/www.telvista.com\/wp-content\/uploads\/2022\/08\/Careers_TelvistaAtHome_-Maintaining-Work-Life-Balance.jpg)\">\n                        <div class=\"container\">\n                            <div class=\"text-start row banner-slider align-content-center py-4\">\n                                <div class=\"col-xl-6 col-xxl-5 col-lg-11 offset-lg-1 pe-xxl-0\"><h1 class=\"h1\">Mantener el equilibrio entre la vida laboral y personal <span class=\"text-blue\">con Telvista@Home<\/span><\/h1><p class=\"font-18\">Telvista@Home proporciona a nuestros h\u00e1biles empleados flexibilidad laboral, lo que les permite administrar f\u00e1cilmente su trabajo. Esto da como resultado una alta productividad, un rendimiento sostenido, una mejor adherencia al horario y menos estr\u00e9s.<\/p><a class=\"btn text-white px-3 btn-orange font-bold font-15 \" href=\"\/es\/por-que-telvista\/lo-que-ofrecemos\">M\u00e1s informaci\u00f3n <i class=\"iconsax mt-n-3\" icon-name=\"arrow-right\"><\/i> <\/a><\/div>\n                            <\/div>\n                        <\/div>\n                    <\/div><div class=\"carousel-item \" style=\"background-image: url(https:\/\/www.telvista.com\/wp-content\/uploads\/2022\/08\/Careers_TelvistaAtHome_-Better-Employee-Retention.jpg)\">\n                        <div class=\"container\">\n                            <div class=\"text-start row banner-slider align-content-center py-4\">\n                                <div class=\"col-xl-6 col-xxl-5 col-lg-11 offset-lg-1 pe-xxl-0\"><h2 class=\"h1\">Mejor retenci\u00f3n y flexibilidad <span class=\"text-blue\">de los empleados<\/span><\/h2><p class=\"font-18\">Permitir que nuestros talentos trabajen desde casa nos ayuda a ofrecer comodidad, lo que reduce el desgaste y mejora la satisfacci\u00f3n de los empleados, lo que se traduce en una mejor retenci\u00f3n y asistencia.<\/p><a class=\"btn text-white px-3 btn-orange font-bold font-15 \" href=\"\/es\/soluciones\/centro-de-contacto\/seleccion-de-personal\/reclutamiento\">M\u00e1s informaci\u00f3n <i class=\"iconsax mt-n-3\" icon-name=\"arrow-right\"><\/i> <\/a><\/div>\n                            <\/div>\n                        <\/div>\n                    <\/div><div class=\"carousel-item \" style=\"background-image: url(https:\/\/www.telvista.com\/wp-content\/uploads\/2022\/08\/Careers_TelvistaAtHome_-Ensuring-Business-Continuity-1.jpg)\">\n                        <div class=\"container\">\n                            <div class=\"text-start row banner-slider align-content-center py-4\">\n                                <div class=\"col-xl-6 col-xxl-5 col-lg-11 offset-lg-1 pe-xxl-0\"><h2 class=\"h1\">Garantizar la continuidad del <span class=\"text-blue\">negocio<\/span><\/h2><p class=\"font-18\">Tener empleados distribuidos en todo el pa\u00eds proporciona una ventaja en cuanto a la disponibilidad del personal, incluso cuando las \u00e1reas regionales se ven afectadas por interrupciones, lo que nos permite brindar un servicio sin interrupciones.<\/p><a class=\"btn text-white px-3 btn-orange font-bold font-15 \" href=\"\/es\/soluciones\/centro-de-contacto\">M\u00e1s informaci\u00f3n <i class=\"iconsax mt-n-3\" icon-name=\"arrow-right\"><\/i> <\/a><\/div>\n                            <\/div>\n                        <\/div>\n                    <\/div>\n                        <\/div><button class=\"carousel-control-prev d-lg-flex d-none\" type=\"button\" data-bs-target=\"#myCarousel\" data-bs-slide=\"prev\">\n                            <span class=\"carousel-control-prev-icon\" aria-hidden=\"true\"><\/span>\n                            <span class=\"visually-hidden\">Previous<\/span>\n                        <\/button>\n                        <button class=\"carousel-control-next d-lg-flex d-none\" type=\"button\" data-bs-target=\"#myCarousel\" data-bs-slide=\"next\">\n                            <span class=\"carousel-control-next-icon\" aria-hidden=\"true\"><\/span>\n                            <span class=\"visually-hidden\">Next<\/span>\n                        <\/button><\/div>[\/vc_column][\/vc_row][vc_row full_width=&#8221;stretch_row_content_no_spaces&#8221; el_class=&#8221;career-pb-0&#8243;][vc_column]<section class=\"benefits-section text-white py-lg-5 py-4\" style=\"background-image: url()\">\n        <div class=\"container pb-2\"><h2 class=\"text-center\" style=\"color: #231f20\">Beneficios<\/h2><div class=\"row row-cols-1 row-cols-sm-2 row-cols-md-2 row-cols-lg-3 pt-4 pb-2 multi-colors\">\n                <div class=\"col bnf-bg-blue text-white text-decoration-none\" style=\"background-color: #1685c2;\">\n                        <div class=\"bnf-inside-box d-flex align-items-start px-lg-4 h-100 position-relative\">\n                            <span class=\"flex-shrink-0 me-3 bnf-image\"><i class=\"iconsax bnf-icon\" icon-name=\"tick-square\"><\/i><\/span>\n                            \t\t\t<div><h4 class=\"mb-3\">Cobertura de salud, dental y de la vista<\/h4><p class=\"mb-0\">Mant\u00e9ngase al tanto de su salud con planes integrales de seguro de salud, dentales y de la vista para cubrir sus gastos.<\/p><\/div>\n                        <\/div>\n                    <\/div><div class=\"col bnf-bg-blue text-white text-decoration-none\" style=\"background-color: #6db746;\">\n                        <div class=\"bnf-inside-box d-flex align-items-start px-lg-4 h-100 position-relative\">\n                            <span class=\"flex-shrink-0 me-3 bnf-image\"><i class=\"iconsax bnf-icon\" icon-name=\"tick-square\"><\/i><\/span>\n                            \t\t\t<div><h4 class=\"mb-3\">401K<\/h4><p class=\"mb-0\">Queremos una relaci\u00f3n a largo plazo con usted. Por lo tanto, invierta en su futuro y ahorre para su jubilaci\u00f3n.<\/p><\/div>\n                        <\/div>\n                    <\/div><div class=\"col bnf-bg-blue text-white text-decoration-none\" style=\"background-color: #f7bb23;\">\n                        <div class=\"bnf-inside-box d-flex align-items-start px-lg-4 h-100 position-relative\">\n                            <span class=\"flex-shrink-0 me-3 bnf-image\"><i class=\"iconsax bnf-icon\" icon-name=\"tick-square\"><\/i><\/span>\n                            \t\t\t<div><h4 class=\"mb-3\">Pol\u00edtica de Vacaciones y D\u00edas Feriados<\/h4><p class=\"mb-0\">Creemos en el equilibrio entre la vida laboral y personal, es por lo que ofrecemos una pol\u00edtica generosa de vacaciones y d\u00edas feriados.<\/p><\/div>\n                        <\/div>\n                    <\/div><div class=\"col bnf-bg-blue text-white text-decoration-none\" style=\"background-color: #ea3f33;\">\n                        <div class=\"bnf-inside-box d-flex align-items-start px-lg-4 h-100 position-relative\">\n                            <span class=\"flex-shrink-0 me-3 bnf-image\"><i class=\"iconsax bnf-icon\" icon-name=\"tick-square\"><\/i><\/span>\n                            \t\t\t<div><h4 class=\"mb-3\">Desarrollo profesional y capacitaci\u00f3n<\/h4><p class=\"mb-0\">Su crecimiento personal y profesional es importante para nosotros. Trabajamos con usted para ayudarlo a alcanzar su pr\u00f3xima meta profesional.<\/p><\/div>\n                        <\/div>\n                    <\/div><div class=\"col bnf-bg-blue text-white text-decoration-none\" style=\"background-color: #a05e9e;\">\n                        <div class=\"bnf-inside-box d-flex align-items-start px-lg-4 h-100 position-relative\">\n                            <span class=\"flex-shrink-0 me-3 bnf-image\"><i class=\"iconsax bnf-icon\" icon-name=\"tick-square\"><\/i><\/span>\n                            \t\t\t<div><h4 class=\"mb-3\">Flexibilidad laboral<\/h4><p class=\"mb-0\">En Telvista, nuestros empleados disfrutan de flexibilidad laboral. Ofrecemos trabajos desde casa, empleo a tiempo completo, oportunidades a tiempo parcial y trabajos temporales.<\/p><\/div>\n                        <\/div>\n                    <\/div><div class=\"col bnf-bg-blue text-white text-decoration-none\" style=\"background-color: #f2932c;\">\n                        <div class=\"bnf-inside-box d-flex align-items-start px-lg-4 h-100 position-relative\">\n                            <span class=\"flex-shrink-0 me-3 bnf-image\"><i class=\"iconsax bnf-icon\" icon-name=\"tick-square\"><\/i><\/span>\n                            \t\t\t<div><h4 class=\"mb-3\">Cumple tus sue\u00f1os educativos<\/h4><p class=\"mb-0\">En Telvista, no solo ofrecemos una carrera gratificante, sino tambi\u00e9n la oportunidad de continuar tu educaci\u00f3n a trav\u00e9s de nuestro programa de Reembolso de Matr\u00edcula<\/p><\/div>\n                        <\/div>\n                    <\/div>\n            <\/div>\n        <\/div>\n    <\/section>[\/vc_column][\/vc_row][vc_row full_width=&#8221;stretch_row&#8221;][vc_column]<section class=\"mid-page-content pt-lg-5 pb-4 pt-4\">\n                        <div class=\"container\">\n                            <div  class=\"row featurette align-items-center py-lg-5 py-4 \"><div class=\"col-lg-6 min-page-image position-relative\">\n\t\t\t\t\t\t\t\t<img decoding=\"async\" src=\"https:\/\/www.telvista.com\/wp-content\/uploads\/2022\/08\/What-Is-Telvista@Home.jpg\" class=\"img-fluid mw-100\" alt=\"What Is Telvista at Home\">\n\t\t\t\t\t\t\t<\/div><div class=\"col-lg-5 offset-lg-1\"><h2>\u00bfQu\u00e9 es Telvista@Home<\/h2><div>Telvista@Home es nuestro programa de apoyo al trabajo en el hogar que nos ayuda a ofrecer comodidad a los empleados y clientes. Permitimos que nuestros agentes realicen sus trabajos desde la oficina en casa, lo que nos permite proporcionar mejores puntajes de calidad y una mayor satisfacci\u00f3n de los empleados. Esta soluci\u00f3n ha atra\u00eddo a muchos candidatos de todo el pa\u00eds, lo que nos ayud\u00f3 a crear un impresionante grupo de talentos. Tambi\u00e9n redujo los niveles de estr\u00e9s de nuestra fuerza laboral y aument\u00f3 su productividad, ayud\u00e1ndonos a ofrecer excelentes resultados a los clientes.<\/p>\n<p>Reconocido por Contact Center World como el mejor programa de Trabajo desde Casa en 2022.<\/div><\/div>\n                    <\/div><div  class=\"row featurette align-items-center py-lg-5 py-4 flex-lg-row-reverse\"><div class=\"col-lg-6 min-page-image position-relative\">\n\t\t\t\t\t\t\t\t<img decoding=\"async\" src=\"https:\/\/www.telvista.com\/wp-content\/uploads\/2022\/08\/Developing-a-Connected-Workforce.jpg\" class=\"img-fluid mw-100\" alt=\"Developing a Connected Workforce\">\n\t\t\t\t\t\t\t<\/div><div class=\"col-lg-5 offset-lg-1\"><h2>Desarrollo de una fuerza laboral conectada<\/h2><div>Con Telvista@Home, estamos decididos a establecer un entorno de trabajo m\u00e1s estable. Esta soluci\u00f3n est\u00e1 preparada para el \u00e9xito, ya que ofrecemos herramientas y procesos de comunicaci\u00f3n mejorados que ayudan a apoyar a nuestros empleados, asegurando la continuidad del equipo y el rendimiento. Nuestro modelo de trabajo desde casa permite a los empleados sentirse m\u00e1s comprometidos con Telvista y sus clientes. Tambi\u00e9n los alienta a conectarse con aquellos que han optado por una carrera de trabajo en el hogar que ayuda a construir un v\u00ednculo m\u00e1s fuerte, lo que resulta en la satisfacci\u00f3n y retenci\u00f3n de los empleados.<\/div><\/div>\n                    <\/div><div  class=\"row featurette align-items-center py-lg-5 py-4 \"><div class=\"col-lg-6 min-page-image position-relative\">\n\t\t\t\t\t\t\t\t<img decoding=\"async\" src=\"https:\/\/www.telvista.com\/wp-content\/uploads\/2022\/08\/Flexible-Work-Model.jpg\" class=\"img-fluid mw-100\" alt=\"Flexible Work Model\">\n\t\t\t\t\t\t\t<\/div><div class=\"col-lg-5 offset-lg-1\"><h2>Un modelo de trabajo flexible<\/h2><div>Telvista presta especial atenci\u00f3n al proceso de contrataci\u00f3n y a los programas de capacitaci\u00f3n para hacer que Telvista@Home sea efectivo. Nos aseguramos de reclutar y capacitar al talento adecuado para el trabajo. Nuestro modelo de negocio flexible no solo ofrece a los clientes soluciones personalizadas, sino que tambi\u00e9n ofrece equipos de cuentas centrados en el cliente para gestionar sus requisitos. Nuestras capacidades de Telvista@Home proporcionan flexibilidad y acceso al recurso adecuado desde cualquier ubicaci\u00f3n. Utilizamos herramientas de automatizaci\u00f3n e inteligencia para impulsar la eficiencia y optimizar la capacidad de nuestro agente para agregar valor.<\/div><\/div>\n                    <\/div>\n                        <\/div>\n                    <\/section>[\/vc_column][\/vc_row][vc_row full_width=&#8221;stretch_row&#8221; el_class=&#8221;why-heroBar1 sec-mb&#8221;][vc_column]<section class=\"container hero-1-pm\">\n                    <div class=\"hero-bar bg-blue text-center text-white py-5 px-4\" style=\"background-image: url(https:\/\/www.telvista.com\/wp-content\/uploads\/2022\/06\/hero-bar1.png)\"><p class=\"mb-1 h5 pb-2\">Telvista ofrece flexibilidad de trabajo para todos<\/p><p class=\"h1 pb-3\">\u00danete a nuestro equipo de profesionales y haz crecer tu carrera<\/p><a href=\"https:\/\/www.telvistaservices.com.mx\/crm\/solicitud\/Solicitud.aspx\" class=\"btn-orange font-bold btn text-white px-4\" target=\"_blank\">Explorar vacantes abiertas <i class=\"iconsax mt-n-3\" icon-name=\"arrow-right\"><\/i><\/a><\/div>\n                <\/section>[\/vc_column][\/vc_row]<\/p>\n<\/div>","protected":false},"excerpt":{"rendered":"<p>[vc_row full_width=&#8221;stretch_row_content_no_spaces&#8221;][vc_column][\/vc_column][\/vc_row][vc_row full_width=&#8221;stretch_row_content_no_spaces&#8221; el_class=&#8221;career-pb-0&#8243;][vc_column][\/vc_column][\/vc_row][vc_row full_width=&#8221;stretch_row&#8221;][vc_column][\/vc_column][\/vc_row][vc_row full_width=&#8221;stretch_row&#8221; el_class=&#8221;why-heroBar1 sec-mb&#8221;][vc_column][\/vc_column][\/vc_row]<\/p>\n","protected":false},"author":8,"featured_media":0,"parent":739,"menu_order":0,"comment_status":"closed","ping_status":"closed","template":"","meta":{"nf_dc_page":"","footnotes":""},"class_list":["post-1898","page","type-page","status-publish","hentry"],"yoast_head":"<!-- This site is optimized with the Yoast SEO Premium plugin v27.2 (Yoast SEO v27.2) - https:\/\/yoast.com\/product\/yoast-seo-premium-wordpress\/ -->\n<title>Telvista@Home - Telvista<\/title>\n<meta name=\"description\" content=\"Telvista@Home proporciona a nuestros h\u00e1biles empleados flexibilidad laboral, lo que les permite administrar f\u00e1cilmente su trabajo.\" \/>\n<meta name=\"robots\" content=\"index, follow, max-snippet:-1, max-image-preview:large, max-video-preview:-1\" \/>\n<link rel=\"canonical\" href=\"https:\/\/www.telvista.com\/es\/carreras\/telvistahome\" \/>\n<meta property=\"og:locale\" content=\"es_ES\" \/>\n<meta property=\"og:type\" content=\"article\" \/>\n<meta property=\"og:title\" content=\"Telvista@Home\" \/>\n<meta property=\"og:description\" content=\"Telvista@Home proporciona a nuestros h\u00e1biles empleados flexibilidad laboral, lo que les permite administrar f\u00e1cilmente su trabajo.\" \/>\n<meta property=\"og:url\" content=\"https:\/\/www.telvista.com\/es\/carreras\/telvistahome\" \/>\n<meta property=\"og:site_name\" content=\"Telvista\" \/>\n<meta property=\"article:publisher\" content=\"https:\/\/www.facebook.com\/TelvistaUS\" \/>\n<meta property=\"article:modified_time\" content=\"2022-09-08T09:52:55+00:00\" \/>\n<meta name=\"twitter:card\" content=\"summary_large_image\" \/>\n<meta name=\"twitter:site\" content=\"@TelvistaUS\" \/>\n<meta name=\"twitter:label1\" content=\"Est. reading time\" \/>\n\t<meta name=\"twitter:data1\" content=\"3 minutes\" \/>\n<script type=\"application\/ld+json\" class=\"yoast-schema-graph\">{\"@context\":\"https:\/\/schema.org\",\"@graph\":[{\"@type\":\"WebPage\",\"@id\":\"https:\/\/www.telvista.com\/es\/carreras\/telvistahome\",\"url\":\"https:\/\/www.telvista.com\/es\/carreras\/telvistahome\",\"name\":\"Telvista@Home - Telvista\",\"isPartOf\":{\"@id\":\"https:\/\/www.telvista.com\/es#website\"},\"datePublished\":\"2022-07-21T09:17:49+00:00\",\"dateModified\":\"2022-09-08T09:52:55+00:00\",\"description\":\"Telvista@Home proporciona a nuestros h\u00e1biles empleados flexibilidad laboral, lo que les permite administrar f\u00e1cilmente su trabajo.\",\"breadcrumb\":{\"@id\":\"https:\/\/www.telvista.com\/es\/carreras\/telvistahome#breadcrumb\"},\"inLanguage\":\"es-ES\",\"potentialAction\":[{\"@type\":\"ReadAction\",\"target\":[\"https:\/\/www.telvista.com\/es\/carreras\/telvistahome\"]}]},{\"@type\":\"BreadcrumbList\",\"@id\":\"https:\/\/www.telvista.com\/es\/carreras\/telvistahome#breadcrumb\",\"itemListElement\":[{\"@type\":\"ListItem\",\"position\":1,\"name\":\"Home\",\"item\":\"https:\/\/www.telvista.com\/es\"},{\"@type\":\"ListItem\",\"position\":2,\"name\":\"Carreras\",\"item\":\"https:\/\/www.telvista.com\/es\/carreras\"},{\"@type\":\"ListItem\",\"position\":3,\"name\":\"Telvista@Home\"}]},{\"@type\":\"WebSite\",\"@id\":\"https:\/\/www.telvista.com\/es#website\",\"url\":\"https:\/\/www.telvista.com\/es\",\"name\":\"Telvista\",\"description\":\"360 Degree BPO Services Provider\",\"publisher\":{\"@id\":\"https:\/\/www.telvista.com\/es#organization\"},\"potentialAction\":[{\"@type\":\"SearchAction\",\"target\":{\"@type\":\"EntryPoint\",\"urlTemplate\":\"https:\/\/www.telvista.com\/es?s={search_term_string}\"},\"query-input\":{\"@type\":\"PropertyValueSpecification\",\"valueRequired\":true,\"valueName\":\"search_term_string\"}}],\"inLanguage\":\"es-ES\"},{\"@type\":\"Organization\",\"@id\":\"https:\/\/www.telvista.com\/es#organization\",\"name\":\"Telvista\",\"url\":\"https:\/\/www.telvista.com\/es\",\"logo\":{\"@type\":\"ImageObject\",\"inLanguage\":\"es-ES\",\"@id\":\"https:\/\/www.telvista.com\/es#\/schema\/logo\/image\/\",\"url\":\"https:\/\/i0.wp.com\/www.telvista.com\/wp-content\/uploads\/2022\/06\/Logo-Telvista.png?fit=200%2C81&ssl=1\",\"contentUrl\":\"https:\/\/i0.wp.com\/www.telvista.com\/wp-content\/uploads\/2022\/06\/Logo-Telvista.png?fit=200%2C81&ssl=1\",\"width\":200,\"height\":81,\"caption\":\"Telvista\"},\"image\":{\"@id\":\"https:\/\/www.telvista.com\/es#\/schema\/logo\/image\/\"},\"sameAs\":[\"https:\/\/www.facebook.com\/TelvistaUS\",\"https:\/\/x.com\/TelvistaUS\",\"https:\/\/www.linkedin.com\/company\/telvistaus\/\",\"https:\/\/www.instagram.com\/telvistaus\/\"]}]}<\/script>\n<!-- \/ Yoast SEO Premium plugin. -->","yoast_head_json":{"title":"Telvista@Home - Telvista","description":"Telvista@Home proporciona a nuestros h\u00e1biles empleados flexibilidad laboral, lo que les permite administrar f\u00e1cilmente su trabajo.","robots":{"index":"index","follow":"follow","max-snippet":"max-snippet:-1","max-image-preview":"max-image-preview:large","max-video-preview":"max-video-preview:-1"},"canonical":"https:\/\/www.telvista.com\/es\/carreras\/telvistahome","og_locale":"es_ES","og_type":"article","og_title":"Telvista@Home","og_description":"Telvista@Home proporciona a nuestros h\u00e1biles empleados flexibilidad laboral, lo que les permite administrar f\u00e1cilmente su trabajo.","og_url":"https:\/\/www.telvista.com\/es\/carreras\/telvistahome","og_site_name":"Telvista","article_publisher":"https:\/\/www.facebook.com\/TelvistaUS","article_modified_time":"2022-09-08T09:52:55+00:00","twitter_card":"summary_large_image","twitter_site":"@TelvistaUS","twitter_misc":{"Est. reading time":"3 minutes"},"schema":{"@context":"https:\/\/schema.org","@graph":[{"@type":"WebPage","@id":"https:\/\/www.telvista.com\/es\/carreras\/telvistahome","url":"https:\/\/www.telvista.com\/es\/carreras\/telvistahome","name":"Telvista@Home - Telvista","isPartOf":{"@id":"https:\/\/www.telvista.com\/es#website"},"datePublished":"2022-07-21T09:17:49+00:00","dateModified":"2022-09-08T09:52:55+00:00","description":"Telvista@Home proporciona a nuestros h\u00e1biles empleados flexibilidad laboral, lo que les permite administrar f\u00e1cilmente su trabajo.","breadcrumb":{"@id":"https:\/\/www.telvista.com\/es\/carreras\/telvistahome#breadcrumb"},"inLanguage":"es-ES","potentialAction":[{"@type":"ReadAction","target":["https:\/\/www.telvista.com\/es\/carreras\/telvistahome"]}]},{"@type":"BreadcrumbList","@id":"https:\/\/www.telvista.com\/es\/carreras\/telvistahome#breadcrumb","itemListElement":[{"@type":"ListItem","position":1,"name":"Home","item":"https:\/\/www.telvista.com\/es"},{"@type":"ListItem","position":2,"name":"Carreras","item":"https:\/\/www.telvista.com\/es\/carreras"},{"@type":"ListItem","position":3,"name":"Telvista@Home"}]},{"@type":"WebSite","@id":"https:\/\/www.telvista.com\/es#website","url":"https:\/\/www.telvista.com\/es","name":"Telvista","description":"360 Degree BPO Services Provider","publisher":{"@id":"https:\/\/www.telvista.com\/es#organization"},"potentialAction":[{"@type":"SearchAction","target":{"@type":"EntryPoint","urlTemplate":"https:\/\/www.telvista.com\/es?s={search_term_string}"},"query-input":{"@type":"PropertyValueSpecification","valueRequired":true,"valueName":"search_term_string"}}],"inLanguage":"es-ES"},{"@type":"Organization","@id":"https:\/\/www.telvista.com\/es#organization","name":"Telvista","url":"https:\/\/www.telvista.com\/es","logo":{"@type":"ImageObject","inLanguage":"es-ES","@id":"https:\/\/www.telvista.com\/es#\/schema\/logo\/image\/","url":"https:\/\/i0.wp.com\/www.telvista.com\/wp-content\/uploads\/2022\/06\/Logo-Telvista.png?fit=200%2C81&ssl=1","contentUrl":"https:\/\/i0.wp.com\/www.telvista.com\/wp-content\/uploads\/2022\/06\/Logo-Telvista.png?fit=200%2C81&ssl=1","width":200,"height":81,"caption":"Telvista"},"image":{"@id":"https:\/\/www.telvista.com\/es#\/schema\/logo\/image\/"},"sameAs":["https:\/\/www.facebook.com\/TelvistaUS","https:\/\/x.com\/TelvistaUS","https:\/\/www.linkedin.com\/company\/telvistaus\/","https:\/\/www.instagram.com\/telvistaus\/"]}]}},"_links":{"self":[{"href":"https:\/\/www.telvista.com\/es\/wp-json\/wp\/v2\/pages\/1898","targetHints":{"allow":["GET"]}}],"collection":[{"href":"https:\/\/www.telvista.com\/es\/wp-json\/wp\/v2\/pages"}],"about":[{"href":"https:\/\/www.telvista.com\/es\/wp-json\/wp\/v2\/types\/page"}],"author":[{"embeddable":true,"href":"https:\/\/www.telvista.com\/es\/wp-json\/wp\/v2\/users\/8"}],"replies":[{"embeddable":true,"href":"https:\/\/www.telvista.com\/es\/wp-json\/wp\/v2\/comments?post=1898"}],"version-history":[{"count":5,"href":"https:\/\/www.telvista.com\/es\/wp-json\/wp\/v2\/pages\/1898\/revisions"}],"predecessor-version":[{"id":2515,"href":"https:\/\/www.telvista.com\/es\/wp-json\/wp\/v2\/pages\/1898\/revisions\/2515"}],"up":[{"embeddable":true,"href":"https:\/\/www.telvista.com\/es\/wp-json\/wp\/v2\/pages\/739"}],"wp:attachment":[{"href":"https:\/\/www.telvista.com\/es\/wp-json\/wp\/v2\/media?parent=1898"}],"curies":[{"name":"wp","href":"https:\/\/api.w.org\/{rel}","templated":true}]}}