{"id":1156,"date":"2022-07-21T04:16:10","date_gmt":"2022-07-21T09:16:10","guid":{"rendered":"http:\/\/dev.telvista.com\/\/carreras\/our-benefits"},"modified":"2022-09-08T04:30:55","modified_gmt":"2022-09-08T09:30:55","slug":"nuestros-beneficios","status":"publish","type":"page","link":"https:\/\/www.telvista.com\/es\/carreras\/nuestros-beneficios","title":{"rendered":"Nuestros Beneficios"},"content":{"rendered":"<div class=\"wpb-content-wrapper\"><p>[vc_row full_width=&#8221;stretch_row_content_no_spaces&#8221;][vc_column]<div id=\"myCarousel\" class=\"carousel slide bg-light-blue\" data-bs-ride=\"carousel\"><div class=\"carousel-indicators\"><button type=\"button\" data-bs-target=\"#myCarousel\" data-bs-slide-to=\"0\" class=\"active\" aria-current=\"true\" aria-label=\"Slide 0\"><\/button><button type=\"button\" data-bs-target=\"#myCarousel\" data-bs-slide-to=\"1\" class=\"\" aria-current=\"true\" aria-label=\"Slide 1\"><\/button><button type=\"button\" data-bs-target=\"#myCarousel\" data-bs-slide-to=\"2\" class=\"\" aria-current=\"true\" aria-label=\"Slide 2\"><\/button><\/div><div class=\"carousel-inner\" >\n                            <div class=\"carousel-item active\" style=\"background-image: url(https:\/\/www.telvista.com\/wp-content\/uploads\/2022\/08\/Careers_Our-Benefit_-A-Work-Culture-Unlike.jpg)\">\n                        <div class=\"container\">\n                            <div class=\"text-start row banner-slider align-content-center py-4\">\n                                <div class=\"col-xl-6 col-xxl-5 col-lg-11 offset-lg-1 pe-xxl-0\"><h1 class=\"h1\">Una cultura de trabajo <span class=\"text-blue\">diferente a cualquier otra<\/span><\/h1><p class=\"font-18\">Proporcionamos a nuestros empleados una excelente cultura de trabajo donde pueden aprender, crecer y cumplir sus objetivos profesionales f\u00e1cilmente.<\/p><a class=\"btn text-white px-3 btn-orange font-bold font-15 \" href=\"\/es\/quienes-somos\">M\u00e1s informaci\u00f3n <i class=\"iconsax mt-n-3\" icon-name=\"arrow-right\"><\/i> <\/a><\/div>\n                            <\/div>\n                        <\/div>\n                    <\/div><div class=\"carousel-item \" style=\"background-image: url(https:\/\/www.telvista.com\/wp-content\/uploads\/2022\/08\/Careers_Our-Benefit_-Employee-Facilitation.jpg)\">\n                        <div class=\"container\">\n                            <div class=\"text-start row banner-slider align-content-center py-4\">\n                                <div class=\"col-xl-6 col-xxl-5 col-lg-11 offset-lg-1 pe-xxl-0\"><h2 class=\"h1\">Ambiente <span class=\"text-blue\">laboral<\/span><\/h2><p class=\"font-18\">En Telvista, nos enfocamos en gran medida en brindar comodidad a nuestros empleados, ofreciendo beneficios como flexibilidad laboral, exposici\u00f3n multifuncional y un s\u00f3lido paquete de beneficios que incluye salud, dental, visi\u00f3n, vida, etc.<\/p><a class=\"btn text-white px-3 btn-orange font-bold font-15 \" href=\"\/es\/carreras\/la-vida-en-telvista\">M\u00e1s informaci\u00f3n <i class=\"iconsax mt-n-3\" icon-name=\"arrow-right\"><\/i> <\/a><\/div>\n                            <\/div>\n                        <\/div>\n                    <\/div><div class=\"carousel-item \" style=\"background-image: url(https:\/\/www.telvista.com\/wp-content\/uploads\/2022\/08\/Careers_Our-Benefit_-Advancement-Opportunities.jpg)\">\n                        <div class=\"container\">\n                            <div class=\"text-start row banner-slider align-content-center py-4\">\n                                <div class=\"col-xl-6 col-xxl-5 col-lg-11 offset-lg-1 pe-xxl-0\"><h2 class=\"h1\">Oportunidades <span class=\"text-blue\">de crecimiento<\/span><\/h2><p class=\"font-18\">Alentamos a nuestros empleados a asumir desaf\u00edos que les ayuden a ampliar sus habilidades. Nuestra empresa en crecimiento ofrece al personal talentoso con oportunidades de avance para facilitar su crecimiento profesional.<\/p><a class=\"btn text-white px-3 btn-orange font-bold font-15 \" href=\"\/es\/carreras\/unete-a-nuestro-equipo-en-crecimiento\">M\u00e1s informaci\u00f3n <i class=\"iconsax mt-n-3\" icon-name=\"arrow-right\"><\/i> <\/a><\/div>\n                            <\/div>\n                        <\/div>\n                    <\/div>\n                        <\/div><button class=\"carousel-control-prev d-lg-flex d-none\" type=\"button\" data-bs-target=\"#myCarousel\" data-bs-slide=\"prev\">\n                            <span class=\"carousel-control-prev-icon\" aria-hidden=\"true\"><\/span>\n                            <span class=\"visually-hidden\">Previous<\/span>\n                        <\/button>\n                        <button class=\"carousel-control-next d-lg-flex d-none\" type=\"button\" data-bs-target=\"#myCarousel\" data-bs-slide=\"next\">\n                            <span class=\"carousel-control-next-icon\" aria-hidden=\"true\"><\/span>\n                            <span class=\"visually-hidden\">Next<\/span>\n                        <\/button><\/div>[\/vc_column][\/vc_row][vc_row full_width=&#8221;stretch_row&#8221;][vc_column]<section class=\"mid-page-content pt-lg-5 pb-4 pt-4\">\n                        <div class=\"container\">\n                            <div  class=\"row featurette align-items-center py-lg-5 py-4 \"><div class=\"col-lg-6 min-page-image position-relative\">\n\t\t\t\t\t\t\t\t<img decoding=\"async\" src=\"https:\/\/www.telvista.com\/wp-content\/uploads\/2022\/08\/An-Employer-Who-Cares.jpg\" class=\"img-fluid mw-100\" alt=\"An Employer Who Cares\">\n\t\t\t\t\t\t\t<\/div><div class=\"col-lg-5 offset-lg-1\"><h2>Un empleador que se preocupa<\/h2><div>Telvista se preocupa por sus empleados. Creemos que nuestra fuerza laboral es nuestra mayor fortaleza. Es por eso por lo que valoramos lo que nuestros empleados aportan a la empresa. Siempre te sentir\u00e1s parte del equipo. Telvista apoya al talento para asumir desaf\u00edos y facilitar con beneficios y un ambiente de trabajo amigable. Esto motiva a los miembros de nuestro equipo, lo que les permite ser m\u00e1s productivos. Ayudamos a nuestros empleados asobre salir en su trayectoria profesional ofreci\u00e9ndoles orientaci\u00f3n y tutor\u00eda.<\/div><\/div>\n                    <\/div><div  class=\"row featurette align-items-center py-lg-5 py-4 flex-lg-row-reverse\"><div class=\"col-lg-6 min-page-image position-relative\">\n\t\t\t\t\t\t\t\t<img decoding=\"async\" src=\"https:\/\/www.telvista.com\/wp-content\/uploads\/2022\/08\/We-Facilitate-Employee-Growth.jpg\" class=\"img-fluid mw-100\" alt=\"We Facilitate Employee Growth\">\n\t\t\t\t\t\t\t<\/div><div class=\"col-lg-5 offset-lg-1\"><h2>Facilitamos el crecimiento de los empleados<\/h2><div>El principal objetivo de Telvista es inspirar a todos los que forman parte del equipo. Todos estamos bajo la misma idea trabajando en el mismo objetivo. Un desaf\u00edo que inspira a trabajar m\u00e1s duro y de manera m\u00e1s inteligente es innegablemente el \u00e9xito de la empresa. Telvista define una trayectoria profesional para ti. Acompa\u00f1amos a nuestros colaboradores proporcion\u00e1ndoles un espacio de trabajo de vanguardia y un entorno flexible y de apoyo. Nuestro objetivo es crear diversidad dentro del equipo y crear el sentido de pertenencia para que nuestros talentos se sientan como en casa. Telvista celebra el \u00e9xito de los empleados, los recompensa por su dedicaci\u00f3n incansable y los motiva a hacerlo mejor.<\/div><\/div>\n                    <\/div><div  class=\"row featurette align-items-center py-lg-5 py-4 \"><div class=\"col-lg-6 min-page-image position-relative\">\n\t\t\t\t\t\t\t\t<img decoding=\"async\" src=\"https:\/\/www.telvista.com\/wp-content\/uploads\/2022\/08\/Employee-Satisfaction.jpg\" class=\"img-fluid mw-100\" alt=\"Employee Satisfaction\">\n\t\t\t\t\t\t\t<\/div><div class=\"col-lg-5 offset-lg-1\"><h2>Garantizar la satisfacci\u00f3n de los empleados<\/h2><div>En Telvista, garantizar el bienestar de nuestros empleados es nuestra principal prioridad. Nos aseguramos de que nuestra fuerza laboral sea escuchada, vista y respetada. Cada empleado tiene un enfoque profesional diferente, as\u00ed como necesidades personales. Entendemos eso y ofrecemos flexibilidad laboral. Somos un empleador de Igualdad de Oportunidades de Empleo y creemos en dar la bienvenida a la diversidad sin hacer que nadie se sienta fuera de lugar. Tener candidatos con diferentes antecedentes nos permite concebir un sentido de inclusi\u00f3n y equidad que se correlaciona con el crecimiento de los empleados y la satisfacci\u00f3n en el lugar de trabajo.<\/div><\/div>\n                    <\/div>\n                        <\/div>\n                    <\/section>[\/vc_column][\/vc_row][vc_row full_width=&#8221;stretch_row&#8221; el_class=&#8221;why-heroBar1 sec-mb&#8221;][vc_column]<section class=\"container hero-1-pm\">\n                    <div class=\"hero-bar bg-blue text-center text-white py-5 px-4\" style=\"background-image: url(https:\/\/www.telvista.com\/wp-content\/uploads\/2022\/06\/hero-bar1.png)\"><p class=\"mb-1 h5 pb-2\">Deja que Telvista sea tu nuevo hogar<\/p><p class=\"h1 pb-3\">\u00danete a nuestro equipo y haz crecer tu carrera con nosotros<\/p><a href=\"https:\/\/www.telvistaservices.com.mx\/crm\/solicitud\/Solicitud.aspx\" class=\"btn-orange font-bold btn text-white px-4\" target=\"_blank\">Ver todas las vacantes disponibles <i class=\"iconsax mt-n-3\" icon-name=\"arrow-right\"><\/i><\/a><\/div>\n                <\/section>[\/vc_column][\/vc_row]<\/p>\n<\/div>","protected":false},"excerpt":{"rendered":"<p>[vc_row full_width=&#8221;stretch_row_content_no_spaces&#8221;][vc_column][\/vc_column][\/vc_row][vc_row full_width=&#8221;stretch_row&#8221;][vc_column][\/vc_column][\/vc_row][vc_row full_width=&#8221;stretch_row&#8221; el_class=&#8221;why-heroBar1 sec-mb&#8221;][vc_column][\/vc_column][\/vc_row]<\/p>\n","protected":false},"author":7,"featured_media":0,"parent":739,"menu_order":0,"comment_status":"closed","ping_status":"closed","template":"","meta":{"nf_dc_page":"","footnotes":""},"class_list":["post-1156","page","type-page","status-publish","hentry"],"yoast_head":"<!-- This site is optimized with the Yoast SEO Premium plugin v27.2 (Yoast SEO v27.2) - https:\/\/yoast.com\/product\/yoast-seo-premium-wordpress\/ -->\n<title>Nuestros Beneficios - Telvista<\/title>\n<meta name=\"description\" content=\"Nuestra empresa en crecimiento ofrece al personal talentoso con oportunidades de avance para facilitar su crecimiento profesional.\" \/>\n<meta name=\"robots\" content=\"index, follow, max-snippet:-1, max-image-preview:large, max-video-preview:-1\" \/>\n<link rel=\"canonical\" href=\"https:\/\/www.telvista.com\/es\/carreras\/nuestros-beneficios\" \/>\n<meta property=\"og:locale\" content=\"es_ES\" \/>\n<meta property=\"og:type\" content=\"article\" \/>\n<meta property=\"og:title\" content=\"Nuestros Beneficios\" \/>\n<meta property=\"og:description\" content=\"Nuestra empresa en crecimiento ofrece al personal talentoso con oportunidades de avance para facilitar su crecimiento profesional.\" \/>\n<meta property=\"og:url\" content=\"https:\/\/www.telvista.com\/es\/carreras\/nuestros-beneficios\" \/>\n<meta property=\"og:site_name\" content=\"Telvista\" \/>\n<meta property=\"article:publisher\" content=\"https:\/\/www.facebook.com\/TelvistaUS\" \/>\n<meta property=\"article:modified_time\" content=\"2022-09-08T09:30:55+00:00\" \/>\n<meta name=\"twitter:card\" content=\"summary_large_image\" \/>\n<meta name=\"twitter:site\" content=\"@TelvistaUS\" \/>\n<meta name=\"twitter:label1\" content=\"Est. reading time\" \/>\n\t<meta name=\"twitter:data1\" content=\"2 minutes\" \/>\n<script type=\"application\/ld+json\" class=\"yoast-schema-graph\">{\"@context\":\"https:\/\/schema.org\",\"@graph\":[{\"@type\":\"WebPage\",\"@id\":\"https:\/\/www.telvista.com\/es\/carreras\/nuestros-beneficios\",\"url\":\"https:\/\/www.telvista.com\/es\/carreras\/nuestros-beneficios\",\"name\":\"Nuestros Beneficios - Telvista\",\"isPartOf\":{\"@id\":\"https:\/\/www.telvista.com\/es#website\"},\"datePublished\":\"2022-07-21T09:16:10+00:00\",\"dateModified\":\"2022-09-08T09:30:55+00:00\",\"description\":\"Nuestra empresa en crecimiento ofrece al personal talentoso con oportunidades de avance para facilitar su crecimiento profesional.\",\"breadcrumb\":{\"@id\":\"https:\/\/www.telvista.com\/es\/carreras\/nuestros-beneficios#breadcrumb\"},\"inLanguage\":\"es-ES\",\"potentialAction\":[{\"@type\":\"ReadAction\",\"target\":[\"https:\/\/www.telvista.com\/es\/carreras\/nuestros-beneficios\"]}]},{\"@type\":\"BreadcrumbList\",\"@id\":\"https:\/\/www.telvista.com\/es\/carreras\/nuestros-beneficios#breadcrumb\",\"itemListElement\":[{\"@type\":\"ListItem\",\"position\":1,\"name\":\"Home\",\"item\":\"https:\/\/www.telvista.com\/es\"},{\"@type\":\"ListItem\",\"position\":2,\"name\":\"Carreras\",\"item\":\"https:\/\/www.telvista.com\/es\/carreras\"},{\"@type\":\"ListItem\",\"position\":3,\"name\":\"Nuestros Beneficios\"}]},{\"@type\":\"WebSite\",\"@id\":\"https:\/\/www.telvista.com\/es#website\",\"url\":\"https:\/\/www.telvista.com\/es\",\"name\":\"Telvista\",\"description\":\"360 Degree BPO Services Provider\",\"publisher\":{\"@id\":\"https:\/\/www.telvista.com\/es#organization\"},\"potentialAction\":[{\"@type\":\"SearchAction\",\"target\":{\"@type\":\"EntryPoint\",\"urlTemplate\":\"https:\/\/www.telvista.com\/es?s={search_term_string}\"},\"query-input\":{\"@type\":\"PropertyValueSpecification\",\"valueRequired\":true,\"valueName\":\"search_term_string\"}}],\"inLanguage\":\"es-ES\"},{\"@type\":\"Organization\",\"@id\":\"https:\/\/www.telvista.com\/es#organization\",\"name\":\"Telvista\",\"url\":\"https:\/\/www.telvista.com\/es\",\"logo\":{\"@type\":\"ImageObject\",\"inLanguage\":\"es-ES\",\"@id\":\"https:\/\/www.telvista.com\/es#\/schema\/logo\/image\/\",\"url\":\"https:\/\/i0.wp.com\/www.telvista.com\/wp-content\/uploads\/2022\/06\/Logo-Telvista.png?fit=200%2C81&ssl=1\",\"contentUrl\":\"https:\/\/i0.wp.com\/www.telvista.com\/wp-content\/uploads\/2022\/06\/Logo-Telvista.png?fit=200%2C81&ssl=1\",\"width\":200,\"height\":81,\"caption\":\"Telvista\"},\"image\":{\"@id\":\"https:\/\/www.telvista.com\/es#\/schema\/logo\/image\/\"},\"sameAs\":[\"https:\/\/www.facebook.com\/TelvistaUS\",\"https:\/\/x.com\/TelvistaUS\",\"https:\/\/www.linkedin.com\/company\/telvistaus\/\",\"https:\/\/www.instagram.com\/telvistaus\/\"]}]}<\/script>\n<!-- \/ Yoast SEO Premium plugin. -->","yoast_head_json":{"title":"Nuestros Beneficios - Telvista","description":"Nuestra empresa en crecimiento ofrece al personal talentoso con oportunidades de avance para facilitar su crecimiento profesional.","robots":{"index":"index","follow":"follow","max-snippet":"max-snippet:-1","max-image-preview":"max-image-preview:large","max-video-preview":"max-video-preview:-1"},"canonical":"https:\/\/www.telvista.com\/es\/carreras\/nuestros-beneficios","og_locale":"es_ES","og_type":"article","og_title":"Nuestros Beneficios","og_description":"Nuestra empresa en crecimiento ofrece al personal talentoso con oportunidades de avance para facilitar su crecimiento profesional.","og_url":"https:\/\/www.telvista.com\/es\/carreras\/nuestros-beneficios","og_site_name":"Telvista","article_publisher":"https:\/\/www.facebook.com\/TelvistaUS","article_modified_time":"2022-09-08T09:30:55+00:00","twitter_card":"summary_large_image","twitter_site":"@TelvistaUS","twitter_misc":{"Est. reading time":"2 minutes"},"schema":{"@context":"https:\/\/schema.org","@graph":[{"@type":"WebPage","@id":"https:\/\/www.telvista.com\/es\/carreras\/nuestros-beneficios","url":"https:\/\/www.telvista.com\/es\/carreras\/nuestros-beneficios","name":"Nuestros Beneficios - Telvista","isPartOf":{"@id":"https:\/\/www.telvista.com\/es#website"},"datePublished":"2022-07-21T09:16:10+00:00","dateModified":"2022-09-08T09:30:55+00:00","description":"Nuestra empresa en crecimiento ofrece al personal talentoso con oportunidades de avance para facilitar su crecimiento profesional.","breadcrumb":{"@id":"https:\/\/www.telvista.com\/es\/carreras\/nuestros-beneficios#breadcrumb"},"inLanguage":"es-ES","potentialAction":[{"@type":"ReadAction","target":["https:\/\/www.telvista.com\/es\/carreras\/nuestros-beneficios"]}]},{"@type":"BreadcrumbList","@id":"https:\/\/www.telvista.com\/es\/carreras\/nuestros-beneficios#breadcrumb","itemListElement":[{"@type":"ListItem","position":1,"name":"Home","item":"https:\/\/www.telvista.com\/es"},{"@type":"ListItem","position":2,"name":"Carreras","item":"https:\/\/www.telvista.com\/es\/carreras"},{"@type":"ListItem","position":3,"name":"Nuestros Beneficios"}]},{"@type":"WebSite","@id":"https:\/\/www.telvista.com\/es#website","url":"https:\/\/www.telvista.com\/es","name":"Telvista","description":"360 Degree BPO Services Provider","publisher":{"@id":"https:\/\/www.telvista.com\/es#organization"},"potentialAction":[{"@type":"SearchAction","target":{"@type":"EntryPoint","urlTemplate":"https:\/\/www.telvista.com\/es?s={search_term_string}"},"query-input":{"@type":"PropertyValueSpecification","valueRequired":true,"valueName":"search_term_string"}}],"inLanguage":"es-ES"},{"@type":"Organization","@id":"https:\/\/www.telvista.com\/es#organization","name":"Telvista","url":"https:\/\/www.telvista.com\/es","logo":{"@type":"ImageObject","inLanguage":"es-ES","@id":"https:\/\/www.telvista.com\/es#\/schema\/logo\/image\/","url":"https:\/\/i0.wp.com\/www.telvista.com\/wp-content\/uploads\/2022\/06\/Logo-Telvista.png?fit=200%2C81&ssl=1","contentUrl":"https:\/\/i0.wp.com\/www.telvista.com\/wp-content\/uploads\/2022\/06\/Logo-Telvista.png?fit=200%2C81&ssl=1","width":200,"height":81,"caption":"Telvista"},"image":{"@id":"https:\/\/www.telvista.com\/es#\/schema\/logo\/image\/"},"sameAs":["https:\/\/www.facebook.com\/TelvistaUS","https:\/\/x.com\/TelvistaUS","https:\/\/www.linkedin.com\/company\/telvistaus\/","https:\/\/www.instagram.com\/telvistaus\/"]}]}},"_links":{"self":[{"href":"https:\/\/www.telvista.com\/es\/wp-json\/wp\/v2\/pages\/1156","targetHints":{"allow":["GET"]}}],"collection":[{"href":"https:\/\/www.telvista.com\/es\/wp-json\/wp\/v2\/pages"}],"about":[{"href":"https:\/\/www.telvista.com\/es\/wp-json\/wp\/v2\/types\/page"}],"author":[{"embeddable":true,"href":"https:\/\/www.telvista.com\/es\/wp-json\/wp\/v2\/users\/7"}],"replies":[{"embeddable":true,"href":"https:\/\/www.telvista.com\/es\/wp-json\/wp\/v2\/comments?post=1156"}],"version-history":[{"count":5,"href":"https:\/\/www.telvista.com\/es\/wp-json\/wp\/v2\/pages\/1156\/revisions"}],"predecessor-version":[{"id":2514,"href":"https:\/\/www.telvista.com\/es\/wp-json\/wp\/v2\/pages\/1156\/revisions\/2514"}],"up":[{"embeddable":true,"href":"https:\/\/www.telvista.com\/es\/wp-json\/wp\/v2\/pages\/739"}],"wp:attachment":[{"href":"https:\/\/www.telvista.com\/es\/wp-json\/wp\/v2\/media?parent=1156"}],"curies":[{"name":"wp","href":"https:\/\/api.w.org\/{rel}","templated":true}]}}